{"id":106684,"date":"2024-09-23T06:09:45","date_gmt":"2024-09-23T06:09:45","guid":{"rendered":"https:\/\/profitstore.pl\/index.php\/produkt\/marolex-lanca-3-rzedowa-pozioma-3\/"},"modified":"2024-09-23T06:09:48","modified_gmt":"2024-09-23T06:09:48","slug":"marolex-lanca-3-rzedowa-pozioma-3","status":"publish","type":"product","link":"https:\/\/profitstore.pl\/index.php\/produkt\/marolex-lanca-3-rzedowa-pozioma-3\/","title":{"rendered":"Marolex- Lanca 3-rz\u0119dowa pozioma"},"content":{"rendered":"<p>Lanca przeznaczona jest do specjalistycznych oprysk\u00f3w ( szk\u00f3\u0142ki drzew, plantacje), dla odbiorc\u00f3w doceniaj\u0105cych rozwi\u0105zania technologiczne, umo\u017cliwiaj\u0105ce m.in. regulacj\u0119 kierunku i strumienia oprysku w r\u00f3\u017cnych p\u0142aszczyznach, wygodny oprysk od spodu li\u015bci ro\u015blin.<\/p>\n<p>Poni\u017cej przedstawiamy sprzedawany produkt:<\/p>\n<p><img src=\"https:\/\/noweogrody.pl\/36723-large_default\/marolex-lanca-3-rzedowa-pozioma.jpg\" alt=\"Marolex- Lanca 3-rz\u0119dowa pozioma\" \/><\/p>\n","protected":false},"excerpt":{"rendered":"<p>Lanca przeznaczona jest do specjalistycznych oprysk\u00f3w ( szk\u00f3\u0142ki drzew, plantacje), dla odbiorc\u00f3w doceniaj\u0105cych rozwi\u0105zania technologiczne, umo\u017cliwiaj\u0105ce m.in. regulacj\u0119 kierunku i strumienia oprysku w r\u00f3\u017cnych p\u0142aszczyznach, wygodny oprysk od spodu li\u015bci ro\u015blin.<\/p>\n","protected":false},"featured_media":114604,"template":"","meta":[],"_links":{"self":[{"href":"https:\/\/profitstore.pl\/index.php\/wp-json\/wp\/v2\/product\/106684"}],"collection":[{"href":"https:\/\/profitstore.pl\/index.php\/wp-json\/wp\/v2\/product"}],"about":[{"href":"https:\/\/profitstore.pl\/index.php\/wp-json\/wp\/v2\/types\/product"}],"wp:featuredmedia":[{"embeddable":true,"href":"https:\/\/profitstore.pl\/index.php\/wp-json\/wp\/v2\/media\/114604"}],"wp:attachment":[{"href":"https:\/\/profitstore.pl\/index.php\/wp-json\/wp\/v2\/media?parent=106684"}],"curies":[{"name":"wp","href":"https:\/\/api.w.org\/{rel}","templated":true}]}}