{"id":106667,"date":"2024-09-23T06:09:18","date_gmt":"2024-09-23T06:09:18","guid":{"rendered":"https:\/\/profitstore.pl\/index.php\/produkt\/agroszpilka-1-12cm-op-20szt-3\/"},"modified":"2024-09-23T06:09:27","modified_gmt":"2024-09-23T06:09:27","slug":"agroszpilka-1-12cm-op-20szt-3","status":"publish","type":"product","link":"https:\/\/profitstore.pl\/index.php\/produkt\/agroszpilka-1-12cm-op-20szt-3\/","title":{"rendered":"Agroszpilka 1   12cm op. 20szt."},"content":{"rendered":"<p>Plastikowe szpilki do mocowanian agrow\u0142\u00f3kniny, agrotkaniny, geosiatek, folii, plandek i innych. Wymiary: D\u0142ugos\u0107 &#8211; 120mm Szerokos\u0107 &#8211; 40mm<\/p>\n<p>Poni\u017cej przedstawiamy sprzedawany produkt:<\/p>\n<p><img src=\"https:\/\/noweogrody.pl\/40875-large_default\/agroszpilka-1-12cm-op-20szt.jpg\" alt=\"Agroszpilka 1   12cm op. 20szt.\" \/><\/p>\n","protected":false},"excerpt":{"rendered":"<p>Plastikowe szpilki do mocowanian agrow\u0142\u00f3kniny, agrotkaniny, geosiatek, folii, plandek i innych. Wymiary: D\u0142ugos\u0107 &#8211; 120mm Szerokos\u0107 &#8211; 40mm<\/p>\n","protected":false},"featured_media":114596,"template":"","meta":[],"_links":{"self":[{"href":"https:\/\/profitstore.pl\/index.php\/wp-json\/wp\/v2\/product\/106667"}],"collection":[{"href":"https:\/\/profitstore.pl\/index.php\/wp-json\/wp\/v2\/product"}],"about":[{"href":"https:\/\/profitstore.pl\/index.php\/wp-json\/wp\/v2\/types\/product"}],"wp:featuredmedia":[{"embeddable":true,"href":"https:\/\/profitstore.pl\/index.php\/wp-json\/wp\/v2\/media\/114596"}],"wp:attachment":[{"href":"https:\/\/profitstore.pl\/index.php\/wp-json\/wp\/v2\/media?parent=106667"}],"curies":[{"name":"wp","href":"https:\/\/api.w.org\/{rel}","templated":true}]}}