{"id":106619,"date":"2024-09-23T06:08:03","date_gmt":"2024-09-23T06:08:03","guid":{"rendered":"https:\/\/profitstore.pl\/index.php\/produkt\/paletka-przykrywka-wielodoniczki-3\/"},"modified":"2024-09-23T06:08:18","modified_gmt":"2024-09-23T06:08:18","slug":"paletka-przykrywka-wielodoniczki-3","status":"publish","type":"product","link":"https:\/\/profitstore.pl\/index.php\/produkt\/paletka-przykrywka-wielodoniczki-3\/","title":{"rendered":"Paletka- Przykrywka wielodoniczki"},"content":{"rendered":"<p>Przykrywka wielodoniczki pozwala utrzyma\u0107 wysok\u0105 wilgotno\u015b\u0107 powietrza w czasie kie\u0142kowania nasion .Pasuje do wszystkich oferowanych wielodoniczek o wymiarach 315 * 525 jak r\u00f3wnie\u017c kuwet oraz tacek wysiewnych.<\/p>\n<p>Poni\u017cej przedstawiamy sprzedawany produkt:<\/p>\n<p><img src=\"https:\/\/noweogrody.pl\/36813-large_default\/paletka-przykrywka-wielodoniczki.jpg\" alt=\"Paletka- Przykrywka wielodoniczki\" \/><\/p>\n","protected":false},"excerpt":{"rendered":"<p>Przykrywka wielodoniczki pozwala utrzyma\u0107 wysok\u0105 wilgotno\u015b\u0107 powietrza w czasie kie\u0142kowania nasion .Pasuje do wszystkich oferowanych wielodoniczek o wymiarach 315 * 525 jak r\u00f3wnie\u017c kuwet oraz tacek wysiewnych.<\/p>\n","protected":false},"featured_media":114571,"template":"","meta":[],"_links":{"self":[{"href":"https:\/\/profitstore.pl\/index.php\/wp-json\/wp\/v2\/product\/106619"}],"collection":[{"href":"https:\/\/profitstore.pl\/index.php\/wp-json\/wp\/v2\/product"}],"about":[{"href":"https:\/\/profitstore.pl\/index.php\/wp-json\/wp\/v2\/types\/product"}],"wp:featuredmedia":[{"embeddable":true,"href":"https:\/\/profitstore.pl\/index.php\/wp-json\/wp\/v2\/media\/114571"}],"wp:attachment":[{"href":"https:\/\/profitstore.pl\/index.php\/wp-json\/wp\/v2\/media?parent=106619"}],"curies":[{"name":"wp","href":"https:\/\/api.w.org\/{rel}","templated":true}]}}