{"id":106617,"date":"2024-09-23T06:08:03","date_gmt":"2024-09-23T06:08:03","guid":{"rendered":"https:\/\/profitstore.pl\/index.php\/produkt\/paletka-rozsadowa-525055-45-kwadrat-szerokie-dno-3\/"},"modified":"2024-09-23T06:08:16","modified_gmt":"2024-09-23T06:08:16","slug":"paletka-rozsadowa-525055-45-kwadrat-szerokie-dno-3","status":"publish","type":"product","link":"https:\/\/profitstore.pl\/index.php\/produkt\/paletka-rozsadowa-525055-45-kwadrat-szerokie-dno-3\/","title":{"rendered":"Paletka rozsadowa 52*50*55\/45 kwadrat szerokie dno"},"content":{"rendered":"<p>Paleta rozsadowa 52*52*55\/45 kwadrat. Wymiary zewn\u0119trzne 315 x525 mm. Przyk\u0142adowe zastosowanie: produkcja rozsad pomidora, papryki, og\u00f3rka, produkcja finalna ro\u015blin ozdobnych np.aksamitka, ukorzenianie sadzonek zielnych krzew\u00f3w ozdobnych, ukorzenianie sadzonek truskawek.<\/p>\n<p>Poni\u017cej przedstawiamy sprzedawany produkt:<\/p>\n<p><img src=\"https:\/\/noweogrody.pl\/38975-large_default\/paletka-rozsadowa-525055-45-kwadrat-szerokie-dno.jpg\" alt=\"Paletka rozsadowa 52*50*55\/45 kwadrat szerokie dno\" \/><\/p>\n","protected":false},"excerpt":{"rendered":"<p>Paleta rozsadowa 52*52*55\/45 kwadrat. Wymiary zewn\u0119trzne 315 x525 mm. Przyk\u0142adowe zastosowanie: produkcja rozsad pomidora, papryki, og\u00f3rka, produkcja finalna ro\u015blin ozdobnych np.aksamitka, ukorzenianie sadzonek zielnych krzew\u00f3w ozdobnych, ukorzenianie sadzonek truskawek.<\/p>\n","protected":false},"featured_media":114570,"template":"","meta":[],"_links":{"self":[{"href":"https:\/\/profitstore.pl\/index.php\/wp-json\/wp\/v2\/product\/106617"}],"collection":[{"href":"https:\/\/profitstore.pl\/index.php\/wp-json\/wp\/v2\/product"}],"about":[{"href":"https:\/\/profitstore.pl\/index.php\/wp-json\/wp\/v2\/types\/product"}],"wp:featuredmedia":[{"embeddable":true,"href":"https:\/\/profitstore.pl\/index.php\/wp-json\/wp\/v2\/media\/114570"}],"wp:attachment":[{"href":"https:\/\/profitstore.pl\/index.php\/wp-json\/wp\/v2\/media?parent=106617"}],"curies":[{"name":"wp","href":"https:\/\/api.w.org\/{rel}","templated":true}]}}