{"id":106612,"date":"2024-09-23T06:08:03","date_gmt":"2024-09-23T06:08:03","guid":{"rendered":"https:\/\/profitstore.pl\/index.php\/produkt\/donica-c-fala-30-balustradowa-szaro-bez-3\/"},"modified":"2024-09-23T06:08:09","modified_gmt":"2024-09-23T06:08:09","slug":"donica-c-fala-30-balustradowa-szaro-bez-3","status":"publish","type":"product","link":"https:\/\/profitstore.pl\/index.php\/produkt\/donica-c-fala-30-balustradowa-szaro-bez-3\/","title":{"rendered":"Donica C-fala 30 balustradowa szaro-be\u017c"},"content":{"rendered":"<p>Wymiary: D\u0142ugo\u015b\u0107: 30cm Szeroko\u015b\u0107: 28,5cm Wysoko\u015b\u0107: 20cm<\/p>\n<p>Poni\u017cej przedstawiamy sprzedawany produkt:<\/p>\n<p><img src=\"https:\/\/noweogrody.pl\/32417-large_default\/donica-c-fala-30-balustradowa-szaro-bez.jpg\" alt=\"Donica C-fala 30 balustradowa szaro-be\u017c\" \/><\/p>\n","protected":false},"excerpt":{"rendered":"<p>Wymiary: D\u0142ugo\u015b\u0107: 30cm Szeroko\u015b\u0107: 28,5cm Wysoko\u015b\u0107: 20cm<\/p>\n","protected":false},"featured_media":0,"template":"","meta":[],"_links":{"self":[{"href":"https:\/\/profitstore.pl\/index.php\/wp-json\/wp\/v2\/product\/106612"}],"collection":[{"href":"https:\/\/profitstore.pl\/index.php\/wp-json\/wp\/v2\/product"}],"about":[{"href":"https:\/\/profitstore.pl\/index.php\/wp-json\/wp\/v2\/types\/product"}],"wp:attachment":[{"href":"https:\/\/profitstore.pl\/index.php\/wp-json\/wp\/v2\/media?parent=106612"}],"curies":[{"name":"wp","href":"https:\/\/api.w.org\/{rel}","templated":true}]}}