{"id":106609,"date":"2024-09-23T06:07:44","date_gmt":"2024-09-23T06:07:44","guid":{"rendered":"https:\/\/profitstore.pl\/index.php\/produkt\/donica-gliniana-round-pot-28cm-16h-3\/"},"modified":"2024-09-23T06:07:59","modified_gmt":"2024-09-23T06:07:59","slug":"donica-gliniana-round-pot-28cm-16h-3","status":"publish","type":"product","link":"https:\/\/profitstore.pl\/index.php\/produkt\/donica-gliniana-round-pot-28cm-16h-3\/","title":{"rendered":"Donica gliniana Round Pot 28cm-16h"},"content":{"rendered":"<p>Donica wytworzona zosta\u0142a z wysokiej jako\u015bci surowca i jest bardzo solidnie wykonana.&nbsp; Produkt posiada dziurk\u0119 umo\u017cliwiaj\u0105c\u0105 odp\u0142yw nadmiaru wody. Donica w kompozycji z odpowiedni\u0105 ro\u015blin\u0105 nada \u015br\u00f3dziemnomorskiego klimatu przestrzeni w kt\u00f3rej b\u0119dzie eksponowana. Oferowane s\u0105 3 rozmiary tego produktu &#8211; sprawd\u017a dost\u0119pno\u015b\u0107 Kolor:&nbsp; terakota Wymiary: \u015arednica: 28 cm, Wysoko\u015b\u0107: 16 cm Donica nie jest mrozoodporna i nale\u017cy j\u0105 zabezpieczy\u0107 na zim\u0119 &nbsp;&#8211; usun\u0105\u0107 spod wp\u0142ywu bezpo\u015bredniego oddzia\u0142ania czynnik\u00f3w atmosferycznych (np.. schowa\u0107 pod zadaszenie, przykry\u0107 itp..). Zaleca si\u0119 r\u00f3wnie\u017c zabezpieczenie wn\u0119trza donicy preparatem typu folia w&nbsp;p\u0142ynie. &nbsp; &nbsp;<\/p>\n<p>Poni\u017cej przedstawiamy sprzedawany produkt:<\/p>\n<p><img src=\"https:\/\/noweogrody.pl\/39731-large_default\/donica-gliniana-round-pot-28cm-16h.jpg\" alt=\"Donica gliniana Round Pot 28cm-16h\" \/><\/p>\n","protected":false},"excerpt":{"rendered":"<p>Donica wytworzona zosta\u0142a z wysokiej jako\u015bci surowca i jest bardzo solidnie wykonana.&nbsp; Produkt posiada dziurk\u0119 umo\u017cliwiaj\u0105c\u0105 odp\u0142yw nadmiaru wody. Donica w kompozycji z odpowiedni\u0105 ro\u015blin\u0105 nada \u015br\u00f3dziemnomorskiego klimatu przestrzeni w kt\u00f3rej b\u0119dzie eksponowana. Oferowane s\u0105 3 rozmiary tego produktu &#8211; sprawd\u017a dost\u0119pno\u015b\u0107 Kolor:&nbsp; terakota Wymiary: \u015arednica: 28 cm, Wysoko\u015b\u0107: 16 cm Donica nie jest mrozoodporna i nale\u017cy j\u0105 zabezpieczy\u0107 na zim\u0119 &nbsp;&#8211; usun\u0105\u0107 spod wp\u0142ywu bezpo\u015bredniego oddzia\u0142ania czynnik\u00f3w atmosferycznych (np.. schowa\u0107 pod zadaszenie, przykry\u0107 itp..). Zaleca si\u0119 r\u00f3wnie\u017c zabezpieczenie wn\u0119trza donicy preparatem typu folia w&nbsp;p\u0142ynie. &nbsp; &nbsp;<\/p>\n","protected":false},"featured_media":114565,"template":"","meta":[],"_links":{"self":[{"href":"https:\/\/profitstore.pl\/index.php\/wp-json\/wp\/v2\/product\/106609"}],"collection":[{"href":"https:\/\/profitstore.pl\/index.php\/wp-json\/wp\/v2\/product"}],"about":[{"href":"https:\/\/profitstore.pl\/index.php\/wp-json\/wp\/v2\/types\/product"}],"wp:featuredmedia":[{"embeddable":true,"href":"https:\/\/profitstore.pl\/index.php\/wp-json\/wp\/v2\/media\/114565"}],"wp:attachment":[{"href":"https:\/\/profitstore.pl\/index.php\/wp-json\/wp\/v2\/media?parent=106609"}],"curies":[{"name":"wp","href":"https:\/\/api.w.org\/{rel}","templated":true}]}}