{"id":106606,"date":"2024-09-23T06:07:44","date_gmt":"2024-09-23T06:07:44","guid":{"rendered":"https:\/\/profitstore.pl\/index.php\/produkt\/skrzynka-dspc-400-splofy-case-mocca-3\/"},"modified":"2024-09-23T06:07:56","modified_gmt":"2024-09-23T06:07:56","slug":"skrzynka-dspc-400-splofy-case-mocca-3","status":"publish","type":"product","link":"https:\/\/profitstore.pl\/index.php\/produkt\/skrzynka-dspc-400-splofy-case-mocca-3\/","title":{"rendered":"Skrzynka DSPC 400 Splofy Case mocca"},"content":{"rendered":"<p>Owalna skrzynka balkonowa z niezwykle atrakcyjnym motywem zdobniczym, wiernie imituj\u0105cym dziewiarski splot z grubej, mi\u0119kkiej w\u0142\u00f3czki. Postawiona na kuchennym blacie lub na parapecie, z pewno\u015bci\u0105 doda otoczeniu atrakcyjno\u015bci. Kolor: \u00a0mocca D\u0142ugo\u015b\u0107: \u00a0 39.7 cm Szeroko\u015b\u0107: \u00a0 18.0 cm Wysoko\u015b\u0107: \u00a0 14.5 cm Pojemno\u015b\u0107: \u00a0 7.4 l<\/p>\n<p>Poni\u017cej przedstawiamy sprzedawany produkt:<\/p>\n<p><img src=\"https:\/\/noweogrody.pl\/32461-large_default\/skrzynka-dspc-400-splofy-case-mocca.jpg\" alt=\"Skrzynka DSPC 400 Splofy Case mocca\" \/><\/p>\n","protected":false},"excerpt":{"rendered":"<p>Owalna skrzynka balkonowa z niezwykle atrakcyjnym motywem zdobniczym, wiernie imituj\u0105cym dziewiarski splot z grubej, mi\u0119kkiej w\u0142\u00f3czki. Postawiona na kuchennym blacie lub na parapecie, z pewno\u015bci\u0105 doda otoczeniu atrakcyjno\u015bci. Kolor: \u00a0mocca D\u0142ugo\u015b\u0107: \u00a0 39.7 cm Szeroko\u015b\u0107: \u00a0 18.0 cm Wysoko\u015b\u0107: \u00a0 14.5 cm Pojemno\u015b\u0107: \u00a0 7.4 l<\/p>\n","protected":false},"featured_media":0,"template":"","meta":[],"_links":{"self":[{"href":"https:\/\/profitstore.pl\/index.php\/wp-json\/wp\/v2\/product\/106606"}],"collection":[{"href":"https:\/\/profitstore.pl\/index.php\/wp-json\/wp\/v2\/product"}],"about":[{"href":"https:\/\/profitstore.pl\/index.php\/wp-json\/wp\/v2\/types\/product"}],"wp:attachment":[{"href":"https:\/\/profitstore.pl\/index.php\/wp-json\/wp\/v2\/media?parent=106606"}],"curies":[{"name":"wp","href":"https:\/\/api.w.org\/{rel}","templated":true}]}}