{"id":106602,"date":"2024-03-28T10:53:52","date_gmt":"2024-03-28T10:53:52","guid":{"rendered":"https:\/\/profitstore.pl\/index.php\/produkt\/doniczka-wiszaca-dspw-270s-splofy-ws-bialy-3\/"},"modified":"2024-03-28T10:54:02","modified_gmt":"2024-03-28T10:54:02","slug":"doniczka-wiszaca-dspw-270s-splofy-ws-bialy-3","status":"publish","type":"product","link":"https:\/\/profitstore.pl\/index.php\/produkt\/doniczka-wiszaca-dspw-270s-splofy-ws-bialy-3\/","title":{"rendered":"Doniczka wisz\u0105ca DSPW 270S Splofy WS bia\u0142y"},"content":{"rendered":"<p>Wisz\u0105ce doniczki z przestrzennym, wie rnie imituj\u0105cym wz\u00f3r lu\u017ano plecionej mi\u0119kkiej, grubej w\u0142\u00f3czki. Wyposa\u017cone w podstawk\u0119 z systemem samoblokuj\u0105cym z otworem u\u0142atwiaj\u0105cym podlewanie. Kolor: \u00a0 bia\u0142y \u015arednica: \u00a0 27.0 cm Wysoko\u015b\u0107: \u00a016.6 cm Pojemno\u015b\u0107: \u00a04.8 l<\/p>\n<p>Poni\u017cej przedstawiamy sprzedawany produkt:<\/p>\n<p><img src=\"https:\/\/noweogrody.pl\/27689-large_default\/doniczka-wiszaca-dspw-270s-splofy-ws-bialy.jpg\" alt=\"Doniczka wisz\u0105ca DSPW 270S Splofy WS bia\u0142y\" \/><\/p>\n","protected":false},"excerpt":{"rendered":"<p>Wisz\u0105ce doniczki z przestrzennym, wie rnie imituj\u0105cym wz\u00f3r lu\u017ano plecionej mi\u0119kkiej, grubej w\u0142\u00f3czki. Wyposa\u017cone w podstawk\u0119 z systemem samoblokuj\u0105cym z otworem u\u0142atwiaj\u0105cym podlewanie. Kolor: \u00a0 bia\u0142y \u015arednica: \u00a0 27.0 cm Wysoko\u015b\u0107: \u00a016.6 cm Pojemno\u015b\u0107: \u00a04.8 l<\/p>\n","protected":false},"featured_media":0,"template":"","meta":[],"_links":{"self":[{"href":"https:\/\/profitstore.pl\/index.php\/wp-json\/wp\/v2\/product\/106602"}],"collection":[{"href":"https:\/\/profitstore.pl\/index.php\/wp-json\/wp\/v2\/product"}],"about":[{"href":"https:\/\/profitstore.pl\/index.php\/wp-json\/wp\/v2\/types\/product"}],"wp:attachment":[{"href":"https:\/\/profitstore.pl\/index.php\/wp-json\/wp\/v2\/media?parent=106602"}],"curies":[{"name":"wp","href":"https:\/\/api.w.org\/{rel}","templated":true}]}}