{"id":106600,"date":"2024-09-23T06:07:44","date_gmt":"2024-09-23T06:07:44","guid":{"rendered":"https:\/\/profitstore.pl\/index.php\/produkt\/doniczka-wiszaca-dspw-270s-splofy-ws-szary-3\/"},"modified":"2024-09-23T06:07:52","modified_gmt":"2024-09-23T06:07:52","slug":"doniczka-wiszaca-dspw-270s-splofy-ws-szary-3","status":"publish","type":"product","link":"https:\/\/profitstore.pl\/index.php\/produkt\/doniczka-wiszaca-dspw-270s-splofy-ws-szary-3\/","title":{"rendered":"Doniczka wisz\u0105ca DSPW 270S Splofy WS szary"},"content":{"rendered":"<p>Wisz\u0105ce doniczki z przestrzennym, wie rnie imituj\u0105cym wz\u00f3r lu\u017ano plecionej mi\u0119kkiej, grubej w\u0142\u00f3czki. Wyposa\u017cone w podstawk\u0119 z systemem samoblokuj\u0105cym z otworem u\u0142atwiaj\u0105cym podlewanie. Kolor: &nbsp;szary \u015arednica: &nbsp; 27.0 cm Wysoko\u015b\u0107: &nbsp;16.6 cm Pojemno\u015b\u0107: &nbsp;4.8 l<\/p>\n<p>Poni\u017cej przedstawiamy sprzedawany produkt:<\/p>\n<p><img src=\"https:\/\/noweogrody.pl\/27977-large_default\/doniczka-wiszaca-dspw-270s-splofy-ws-szary.jpg\" alt=\"Doniczka wisz\u0105ca DSPW 270S Splofy WS szary\" \/><\/p>\n","protected":false},"excerpt":{"rendered":"<p>Wisz\u0105ce doniczki z przestrzennym, wie rnie imituj\u0105cym wz\u00f3r lu\u017ano plecionej mi\u0119kkiej, grubej w\u0142\u00f3czki. Wyposa\u017cone w podstawk\u0119 z systemem samoblokuj\u0105cym z otworem u\u0142atwiaj\u0105cym podlewanie. Kolor: &nbsp;szary \u015arednica: &nbsp; 27.0 cm Wysoko\u015b\u0107: &nbsp;16.6 cm Pojemno\u015b\u0107: &nbsp;4.8 l<\/p>\n","protected":false},"featured_media":0,"template":"","meta":[],"_links":{"self":[{"href":"https:\/\/profitstore.pl\/index.php\/wp-json\/wp\/v2\/product\/106600"}],"collection":[{"href":"https:\/\/profitstore.pl\/index.php\/wp-json\/wp\/v2\/product"}],"about":[{"href":"https:\/\/profitstore.pl\/index.php\/wp-json\/wp\/v2\/types\/product"}],"wp:attachment":[{"href":"https:\/\/profitstore.pl\/index.php\/wp-json\/wp\/v2\/media?parent=106600"}],"curies":[{"name":"wp","href":"https:\/\/api.w.org\/{rel}","templated":true}]}}