{"id":106592,"date":"2024-09-23T06:07:44","date_gmt":"2024-09-23T06:07:44","guid":{"rendered":"https:\/\/profitstore.pl\/index.php\/produkt\/doniczka-gliniana-vaso-13cm-3\/"},"modified":"2024-09-23T06:07:45","modified_gmt":"2024-09-23T06:07:45","slug":"doniczka-gliniana-vaso-13cm-3","status":"publish","type":"product","link":"https:\/\/profitstore.pl\/index.php\/produkt\/doniczka-gliniana-vaso-13cm-3\/","title":{"rendered":"Doniczka gliniana Vaso 13cm"},"content":{"rendered":"<p>Standardowa donica wykonana z w\u0142oskiej terakoty. Klasyczna, tradycyjna donica ogrodowa. Uniwersalne kszta\u0142ty, prostota i minimalizm tych produkt\u00f3w sprawi, \u017ce nigdy nie wyjd\u0105 z mody. Dodatkow\u0105 zalet\u0105 jest bardzo atrakcyjna cena. oraz du\u017cy wyb\u00f3r rozmiar\u00f3w. Donice posiadaj\u0105 charakterystyczny rant.&nbsp; Produkt &nbsp;posiada dziurk\u0119 s\u0142u\u017c\u0105c\u0105 do odprowadzania nadmiaru wody. Rozmiar: \u015brednica: 13cm, wysoko\u015b\u0107: 12cm Rodzaj: donice Kszta\u0142t: okr\u0105g\u0142y Styl: klasyczny Materia\u0142: &nbsp; ceramika nieszkliwiona &nbsp; eco friendly<\/p>\n<p>Poni\u017cej przedstawiamy sprzedawany produkt:<\/p>\n<p><img src=\"https:\/\/noweogrody.pl\/40942-large_default\/doniczka-gliniana-vaso-13cm.jpg\" alt=\"Doniczka gliniana Vaso 13cm\" \/><\/p>\n","protected":false},"excerpt":{"rendered":"<p>Standardowa donica wykonana z w\u0142oskiej terakoty. Klasyczna, tradycyjna donica ogrodowa. Uniwersalne kszta\u0142ty, prostota i minimalizm tych produkt\u00f3w sprawi, \u017ce nigdy nie wyjd\u0105 z mody. Dodatkow\u0105 zalet\u0105 jest bardzo atrakcyjna cena. oraz du\u017cy wyb\u00f3r rozmiar\u00f3w. Donice posiadaj\u0105 charakterystyczny rant.&nbsp; Produkt &nbsp;posiada dziurk\u0119 s\u0142u\u017c\u0105c\u0105 do odprowadzania nadmiaru wody. Rozmiar: \u015brednica: 13cm, wysoko\u015b\u0107: 12cm Rodzaj: donice Kszta\u0142t: okr\u0105g\u0142y Styl: klasyczny Materia\u0142: &nbsp; ceramika nieszkliwiona &nbsp; eco friendly<\/p>\n","protected":false},"featured_media":114559,"template":"","meta":[],"_links":{"self":[{"href":"https:\/\/profitstore.pl\/index.php\/wp-json\/wp\/v2\/product\/106592"}],"collection":[{"href":"https:\/\/profitstore.pl\/index.php\/wp-json\/wp\/v2\/product"}],"about":[{"href":"https:\/\/profitstore.pl\/index.php\/wp-json\/wp\/v2\/types\/product"}],"wp:featuredmedia":[{"embeddable":true,"href":"https:\/\/profitstore.pl\/index.php\/wp-json\/wp\/v2\/media\/114559"}],"wp:attachment":[{"href":"https:\/\/profitstore.pl\/index.php\/wp-json\/wp\/v2\/media?parent=106592"}],"curies":[{"name":"wp","href":"https:\/\/api.w.org\/{rel}","templated":true}]}}