{"id":106591,"date":"2024-03-28T10:52:41","date_gmt":"2024-03-28T10:52:41","guid":{"rendered":"https:\/\/profitstore.pl\/index.php\/produkt\/domek-dla-jeza-375x375x18cm-koopman-3\/"},"modified":"2024-03-28T10:53:42","modified_gmt":"2024-03-28T10:53:42","slug":"domek-dla-jeza-375x375x18cm-koopman-3","status":"publish","type":"product","link":"https:\/\/profitstore.pl\/index.php\/produkt\/domek-dla-jeza-375x375x18cm-koopman-3\/","title":{"rendered":"Domek dla je\u017ca 37,5&#215;37,5x18cm Koopman"},"content":{"rendered":"<p>Okr\u0105g\u0142a donica ogrodowa, wykonana z terakoty i utrzymana w toska\u0144skim stylu. Dzi\u0119ki doborze odpowiedniego rodzaju gliny, bardzo wysokiej temperaturze (pow. 1000 C) i&nbsp;odpowiedniemu procesowi wypalania donica jest w &nbsp;100 % mrozoodporna &nbsp;i wytrzymuje nasze polskie zimy &#8211; sprawdzili\u015bmy to ! Donica posiada dziurk\u0119 umo\u017cliwiaj\u0105c\u0105 odp\u0142yw nadmiaru wody, kt\u00f3r\u0105 w razie potrzeby mo\u017cna bez problemu zablokowa\u0107. Produkt jest bardzo solidnie wykonany. &nbsp;Wraz z odpowiedni\u0105 ro\u015blin\u0105 donica z pewno\u015bci\u0105 nada \u015br\u00f3dziemnomorskiego charakteru otoczeniu. Na \u015bciankach znajduje si\u0119 wypuk\u0142e zdobienie. Kolor terakota Rodzaj: donice Kszta\u0142t: okr\u0105g\u0142y Styl: klasyczny Materia\u0142: ceramika nieszkliwiona &nbsp; mrozoodporna eco friendly r\u0119czne wykonanie<\/p>\n<p>Poni\u017cej przedstawiamy sprzedawany produkt:<\/p>\n<p><img src=\"https:\/\/noweogrody.pl\/23182-large_default\/domek-dla-jeza-375x375x18cm-koopman.jpg\" alt=\"Domek dla je\u017ca 37,5x37,5x18cm Koopman\" \/><\/p>\n","protected":false},"excerpt":{"rendered":"<p>Okr\u0105g\u0142a donica ogrodowa, wykonana z terakoty i utrzymana w toska\u0144skim stylu. Dzi\u0119ki doborze odpowiedniego rodzaju gliny, bardzo wysokiej temperaturze (pow. 1000 C) i&nbsp;odpowiedniemu procesowi wypalania donica jest w &nbsp;100 % mrozoodporna &nbsp;i wytrzymuje nasze polskie zimy &#8211; sprawdzili\u015bmy to ! Donica posiada dziurk\u0119 umo\u017cliwiaj\u0105c\u0105 odp\u0142yw nadmiaru wody, kt\u00f3r\u0105 w razie potrzeby mo\u017cna bez problemu zablokowa\u0107. Produkt jest bardzo solidnie wykonany. &nbsp;Wraz z odpowiedni\u0105 ro\u015blin\u0105 donica z pewno\u015bci\u0105 nada \u015br\u00f3dziemnomorskiego charakteru otoczeniu. Na \u015bciankach znajduje si\u0119 wypuk\u0142e zdobienie. Kolor terakota Rodzaj: donice Kszta\u0142t: okr\u0105g\u0142y Styl: klasyczny Materia\u0142: ceramika nieszkliwiona &nbsp; mrozoodporna eco friendly r\u0119czne wykonanie<\/p>\n","protected":false},"featured_media":72033,"template":"","meta":[],"_links":{"self":[{"href":"https:\/\/profitstore.pl\/index.php\/wp-json\/wp\/v2\/product\/106591"}],"collection":[{"href":"https:\/\/profitstore.pl\/index.php\/wp-json\/wp\/v2\/product"}],"about":[{"href":"https:\/\/profitstore.pl\/index.php\/wp-json\/wp\/v2\/types\/product"}],"wp:featuredmedia":[{"embeddable":true,"href":"https:\/\/profitstore.pl\/index.php\/wp-json\/wp\/v2\/media\/72033"}],"wp:attachment":[{"href":"https:\/\/profitstore.pl\/index.php\/wp-json\/wp\/v2\/media?parent=106591"}],"curies":[{"name":"wp","href":"https:\/\/api.w.org\/{rel}","templated":true}]}}