{"id":104048,"date":"2023-11-21T08:03:46","date_gmt":"2023-11-21T08:03:46","guid":{"rendered":"https:\/\/profitstore.pl\/index.php\/produkt\/wloknina-filtracyjna-pvf-eu7\/"},"modified":"2023-11-21T08:03:49","modified_gmt":"2023-11-21T08:03:49","slug":"wloknina-filtracyjna-pvf-eu7","status":"publish","type":"product","link":"https:\/\/profitstore.pl\/index.php\/produkt\/wloknina-filtracyjna-pvf-eu7\/","title":{"rendered":"W\u0142\u00f3knina filtracyjna PVF EU7"},"content":{"rendered":"<p>Maty filtracyjne s\u0105 produkowane \u00a0z wysokiej jako\u015bci w\u0142\u00f3kien syntetycznych. Wielowarstwowa budowa poszczeg\u00f3lnych nietkanych w\u0142\u00f3knin gwarantuje wysok\u0105 ch\u0142onno\u015b\u0107 py\u0142ow\u0105 oraz wydajno\u015b\u0107 filtrowania. Przedmiotem sprzeda\u017cy \u00a0jest w\u0142\u00f3knina filtracyjna klasy EU7 W\u0142\u00f3knina przeznaczona jest do filtr\u00f3w: rekuperator\u00f3w, kabin lakierniczych, wyci\u0105g\u00f3w wentylacyjnych, wyci\u0105g\u00f3w klimatyzacyjnych, urz\u0105dze\u0144 odpylaj\u0105cych, a tak\u017ce do innych filtr\u00f3w kieszeniowych, kasetowych, p\u0142askich lub panelowych. Oferowana w\u0142\u00f3knina filtracyjna nale\u017cny do grupy filtracji dok\u0142adnej czyli klasy: F7 &#8211; wg normy Polskiej-Europejskiej PN-EN 779 \u00a0 DANE TECHNICZNE: \u00a0 Surowiec: Polipropylen Spos\u00f3b \u0142\u0105czenia: Ig\u0142owanie\/Termicznie\u00a0 Max szeroko\u015b\u0107 w\u0142\u00f3kniny: 0,7 m Max d\u0142ugo\u015b\u0107 zwoju: 50 mb Masa powierzchniowa: 190 \u00b1 20g\/m2 Grubo\u015b\u0107 w\u0142\u00f3kniny: 2,0 &#8211; 4,0mm Kolor: bia\u0142y Skuteczno\u015b\u0107 odpylania wobec mg\u0142y oleju parafinowego &#8211; \u00a0\u015brednica ziaren 0,4\u00b5m:\u00a0\u2265 80%\u00a0 Skuteczno\u015b\u0107 odpylania wobec py\u0142u mineralnego ASHRAE 52\/76 : \u03b7\u00a0 \u2265 \u00a095% Odporno\u015b\u0107 na temperatur\u0119: 90\u00b0C\u00a0(praca ci\u0105g\u0142a) Odporno\u015b\u0107 na zapalenie materia\u0142u F1 &#8211; DIN 53438 Odporno\u015b\u0107 na wilgo\u0107: odporna Odporno\u015b\u0107 na kwasy: odporna Przy zam\u00f3wieniu wi\u0119kszej ilo\u015bci sztuk prosimy o kontakt w celu ustalenia korzystnej ceny wysy\u0142ki.<\/p>\n<p>Poni\u017cej przedstawiamy sprzedawany produkt:<\/p>\n<p><img src=\"https:\/\/pureventfilters.eu\/459-large_default\/wloknina-filtrujaca-pvf-eu7.jpg\" alt=\"W\u0142\u00f3knina filtracyjna PVF EU7\" \/><\/p>\n","protected":false},"excerpt":{"rendered":"<p>Maty filtracyjne s\u0105 produkowane \u00a0z wysokiej jako\u015bci w\u0142\u00f3kien syntetycznych. Wielowarstwowa budowa poszczeg\u00f3lnych nietkanych w\u0142\u00f3knin gwarantuje wysok\u0105 ch\u0142onno\u015b\u0107 py\u0142ow\u0105 oraz wydajno\u015b\u0107 filtrowania. Przedmiotem sprzeda\u017cy \u00a0jest w\u0142\u00f3knina filtracyjna klasy EU7 W\u0142\u00f3knina przeznaczona jest do filtr\u00f3w: rekuperator\u00f3w, kabin lakierniczych, wyci\u0105g\u00f3w wentylacyjnych, wyci\u0105g\u00f3w klimatyzacyjnych, urz\u0105dze\u0144 odpylaj\u0105cych, a tak\u017ce do innych filtr\u00f3w kieszeniowych, kasetowych, p\u0142askich lub panelowych. Oferowana w\u0142\u00f3knina filtracyjna [&hellip;]<\/p>\n","protected":false},"featured_media":0,"template":"","meta":[],"_links":{"self":[{"href":"https:\/\/profitstore.pl\/index.php\/wp-json\/wp\/v2\/product\/104048"}],"collection":[{"href":"https:\/\/profitstore.pl\/index.php\/wp-json\/wp\/v2\/product"}],"about":[{"href":"https:\/\/profitstore.pl\/index.php\/wp-json\/wp\/v2\/types\/product"}],"wp:attachment":[{"href":"https:\/\/profitstore.pl\/index.php\/wp-json\/wp\/v2\/media?parent=104048"}],"curies":[{"name":"wp","href":"https:\/\/api.w.org\/{rel}","templated":true}]}}