{"id":103934,"date":"2026-04-30T07:30:38","date_gmt":"2026-04-30T07:30:38","guid":{"rendered":"https:\/\/profitstore.pl\/index.php\/produkt\/filtr-weglowy-do-vents-vutr-400-v-ve-ec-436x196x40-coarse-2\/"},"modified":"2026-04-30T07:30:41","modified_gmt":"2026-04-30T07:30:41","slug":"filtr-weglowy-do-vents-vutr-400-v-ve-ec-436x196x40-coarse-2","status":"publish","type":"product","link":"https:\/\/profitstore.pl\/index.php\/produkt\/filtr-weglowy-do-vents-vutr-400-v-ve-ec-436x196x40-coarse-2\/","title":{"rendered":"Filtr w\u0119glowy do VENTS VUTR 400 V\/VE EC (436x196x40) Coarse"},"content":{"rendered":"<p>Filtr pasuje do central VENTS: VENTS VUTR 400 V EC A21 VENTS VUTR 400 VE EC A21 Filtr\u00a0jest zamiennikiem. Nazwy urz\u0105dze\u0144, cz\u0119\u015bci i marek zosta\u0142y u\u017cyte w celu identyfikacji produktu.<\/p>\n<p>Poni\u017cej przedstawiamy sprzedawany produkt:<\/p>\n<p><img src=\"https:\/\/pureventfilters.eu\/5022-large_default\/filtr-weglowy-do-vents-vutr-400-vve-ec-436x196x40-coarse.jpg\" alt=\"Filtr w\u0119glowy do VENTS VUTR 400 V\/VE EC (436x196x40) Coarse\" \/><\/p>\n","protected":false},"excerpt":{"rendered":"<p>Filtr pasuje do central VENTS: VENTS VUTR 400 V EC A21 VENTS VUTR 400 VE EC A21 Filtr\u00a0jest zamiennikiem. Nazwy urz\u0105dze\u0144, cz\u0119\u015bci i marek zosta\u0142y u\u017cyte w celu identyfikacji produktu. Poni\u017cej przedstawiamy sprzedawany produkt:<\/p>\n","protected":false},"featured_media":111502,"template":"","meta":[],"_links":{"self":[{"href":"https:\/\/profitstore.pl\/index.php\/wp-json\/wp\/v2\/product\/103934"}],"collection":[{"href":"https:\/\/profitstore.pl\/index.php\/wp-json\/wp\/v2\/product"}],"about":[{"href":"https:\/\/profitstore.pl\/index.php\/wp-json\/wp\/v2\/types\/product"}],"wp:featuredmedia":[{"embeddable":true,"href":"https:\/\/profitstore.pl\/index.php\/wp-json\/wp\/v2\/media\/111502"}],"wp:attachment":[{"href":"https:\/\/profitstore.pl\/index.php\/wp-json\/wp\/v2\/media?parent=103934"}],"curies":[{"name":"wp","href":"https:\/\/api.w.org\/{rel}","templated":true}]}}