{"id":103314,"date":"2026-04-18T17:07:02","date_gmt":"2026-04-18T17:07:02","guid":{"rendered":"https:\/\/profitstore.pl\/index.php\/produkt\/filtr-kieszeniowy-eu5-do-systemair-vx-400-ev-l-256x236x380-150-2\/"},"modified":"2026-04-18T17:07:02","modified_gmt":"2026-04-18T17:07:02","slug":"filtr-kieszeniowy-eu5-do-systemair-vx-400-ev-l-256x236x380-150-2","status":"publish","type":"product","link":"https:\/\/profitstore.pl\/index.php\/produkt\/filtr-kieszeniowy-eu5-do-systemair-vx-400-ev-l-256x236x380-150-2\/","title":{"rendered":"Filtr kieszeniowy EU5 do SYSTEMAIR VX 400 EV-L (256x236x380\/150)"},"content":{"rendered":"<p>Filtr\u00a0 kieszeniowy \u00a0klasy\u00a0 M5 \/ EU5 \u00a0o wymiarach \u00a0256x236x380\/150mm \u00a0mm\u00a0w\u00a0ramce metalowej pasuj\u0105cy do central\u00a0 SystemAir VX 400 EV Filtry s\u0105 zamiennikami, nazwy producent\u00f3w i marek zosta\u0142y u\u017cyte w celu identyfikacji produktu.<\/p>\n<p>Poni\u017cej przedstawiamy sprzedawany produkt:<\/p>\n<p><img src=\"https:\/\/pureventfilters.eu\/3398-large_default\/filtr-kieszeniowy-eu5-do-systemair-vx-400-ev-l-256x236x380150-bfvx-400.jpg\" alt=\"Filtr kieszeniowy EU5 do SYSTEMAIR VX 400 EV-L (256x236x380\/150)\" \/><\/p>\n","protected":false},"excerpt":{"rendered":"<p>Filtr\u00a0 kieszeniowy \u00a0klasy\u00a0 M5 \/ EU5 \u00a0o wymiarach \u00a0256x236x380\/150mm \u00a0mm\u00a0w\u00a0ramce metalowej pasuj\u0105cy do central\u00a0 SystemAir VX 400 EV Filtry s\u0105 zamiennikami, nazwy producent\u00f3w i marek zosta\u0142y u\u017cyte w celu identyfikacji produktu. Poni\u017cej przedstawiamy sprzedawany produkt:<\/p>\n","protected":false},"featured_media":111388,"template":"","meta":[],"_links":{"self":[{"href":"https:\/\/profitstore.pl\/index.php\/wp-json\/wp\/v2\/product\/103314"}],"collection":[{"href":"https:\/\/profitstore.pl\/index.php\/wp-json\/wp\/v2\/product"}],"about":[{"href":"https:\/\/profitstore.pl\/index.php\/wp-json\/wp\/v2\/types\/product"}],"wp:featuredmedia":[{"embeddable":true,"href":"https:\/\/profitstore.pl\/index.php\/wp-json\/wp\/v2\/media\/111388"}],"wp:attachment":[{"href":"https:\/\/profitstore.pl\/index.php\/wp-json\/wp\/v2\/media?parent=103314"}],"curies":[{"name":"wp","href":"https:\/\/api.w.org\/{rel}","templated":true}]}}