{"id":103018,"date":"2025-06-06T07:03:43","date_gmt":"2025-06-06T07:03:43","guid":{"rendered":"https:\/\/profitstore.pl\/index.php\/produkt\/worki-karcher-mv-2-a-2054-a-2004-wd-2-200-4szt\/"},"modified":"2025-06-06T07:03:44","modified_gmt":"2025-06-06T07:03:44","slug":"worki-karcher-mv-2-a-2054-a-2004-wd-2-200-4szt","status":"publish","type":"product","link":"https:\/\/profitstore.pl\/index.php\/produkt\/worki-karcher-mv-2-a-2054-a-2004-wd-2-200-4szt\/","title":{"rendered":"Worki KARCHER MV 2, A 2054, A 2004, WD 2.200 4szt."},"content":{"rendered":"<p>Worki pasuj\u0105 do nast\u0119puj\u0105cych modeli odkurzacza K \u00c4RCHER: 6.904-322.0 A 2003 A 2004 A 2014 CV A 2014 CarVac A 2024 PT A 2054 ME A 2074 S 2500 MV 2 WD 2 WD 2.200 PTS 2500 Worki s\u0105 zamiennikami. Nazwy urz\u0105dze\u0144, cz\u0119\u015bci i marek zosta\u0142y u\u017cyte w celu identyfikacji produktu.<\/p>\n<p>Poni\u017cej przedstawiamy sprzedawany produkt:<\/p>\n<p><img src=\"https:\/\/pureventfilters.eu\/1950-large_default\/worki-karcher-mv-2-a-2054-a-2004-wd-2200-4szt.jpg\" alt=\"Worki KARCHER MV 2, A 2054, A 2004, WD 2.200 4szt.\" \/><\/p>\n","protected":false},"excerpt":{"rendered":"<p>Worki pasuj\u0105 do nast\u0119puj\u0105cych modeli odkurzacza K \u00c4RCHER: 6.904-322.0 A 2003 A 2004 A 2014 CV A 2014 CarVac A 2024 PT A 2054 ME A 2074 S 2500 MV 2 WD 2 WD 2.200 PTS 2500 Worki s\u0105 zamiennikami. Nazwy urz\u0105dze\u0144, cz\u0119\u015bci i marek zosta\u0142y u\u017cyte w celu identyfikacji produktu. Poni\u017cej przedstawiamy sprzedawany produkt:<\/p>\n","protected":false},"featured_media":111353,"template":"","meta":[],"_links":{"self":[{"href":"https:\/\/profitstore.pl\/index.php\/wp-json\/wp\/v2\/product\/103018"}],"collection":[{"href":"https:\/\/profitstore.pl\/index.php\/wp-json\/wp\/v2\/product"}],"about":[{"href":"https:\/\/profitstore.pl\/index.php\/wp-json\/wp\/v2\/types\/product"}],"wp:featuredmedia":[{"embeddable":true,"href":"https:\/\/profitstore.pl\/index.php\/wp-json\/wp\/v2\/media\/111353"}],"wp:attachment":[{"href":"https:\/\/profitstore.pl\/index.php\/wp-json\/wp\/v2\/media?parent=103018"}],"curies":[{"name":"wp","href":"https:\/\/api.w.org\/{rel}","templated":true}]}}