{"id":102733,"date":"2026-05-01T17:09:54","date_gmt":"2026-05-01T17:09:54","guid":{"rendered":"https:\/\/profitstore.pl\/index.php\/produkt\/filtr-plaski-eu9-do-klimor-kcx-500-480x195\/"},"modified":"2026-05-01T17:09:54","modified_gmt":"2026-05-01T17:09:54","slug":"filtr-plaski-eu9-do-klimor-kcx-500-480x195","status":"publish","type":"product","link":"https:\/\/profitstore.pl\/index.php\/produkt\/filtr-plaski-eu9-do-klimor-kcx-500-480x195\/","title":{"rendered":"Filtr p\u0142aski EU9 do KLIMOR KCX 500 (480&#215;195)"},"content":{"rendered":"<p>1 szt. filtra p\u0142askiego\u00a0wykonany z maty o klasie filtracji F9 \/ EU9. Mata obszyta na ramce z drutu stalowego. Filtry kasetowe nale\u017cy wymienia\u0107 po ich zabrudzeniu z cz\u0119stotliwo\u015bci\u0105 zale\u017cn\u0105 od stopnia zanieczyszczenia powietrza, jednak nie rzadziej ni\u017c co 3 miesi\u0105ce. Filtry wyjmuje si\u0119 po zdj\u0119ciu przedniej pokrywy obudowy KCX &#8211; odkr\u0119cenie czterech zamk\u00f3w, jednocze\u015bnie trzymaj\u0105c pokryw\u0119 za uchwyty. Filtr s\u0105 zamiennikami, nazwa producenta zosta\u0142a u\u017cyta jedynie w celu identyfikacji produktu.<\/p>\n<p>Poni\u017cej przedstawiamy sprzedawany produkt:<\/p>\n<p><img src=\"https:\/\/pureventfilters.eu\/4249-large_default\/filtr-plaski-eu9-do-klimor-kcx-500-480x195.jpg\" alt=\"Filtr p\u0142aski EU9 do KLIMOR KCX 500 (480x195)\" \/><\/p>\n","protected":false},"excerpt":{"rendered":"<p>1 szt. filtra p\u0142askiego\u00a0wykonany z maty o klasie filtracji F9 \/ EU9. Mata obszyta na ramce z drutu stalowego. Filtry kasetowe nale\u017cy wymienia\u0107 po ich zabrudzeniu z cz\u0119stotliwo\u015bci\u0105 zale\u017cn\u0105 od stopnia zanieczyszczenia powietrza, jednak nie rzadziej ni\u017c co 3 miesi\u0105ce. Filtry wyjmuje si\u0119 po zdj\u0119ciu przedniej pokrywy obudowy KCX &#8211; odkr\u0119cenie czterech zamk\u00f3w, jednocze\u015bnie trzymaj\u0105c [&hellip;]<\/p>\n","protected":false},"featured_media":111419,"template":"","meta":[],"_links":{"self":[{"href":"https:\/\/profitstore.pl\/index.php\/wp-json\/wp\/v2\/product\/102733"}],"collection":[{"href":"https:\/\/profitstore.pl\/index.php\/wp-json\/wp\/v2\/product"}],"about":[{"href":"https:\/\/profitstore.pl\/index.php\/wp-json\/wp\/v2\/types\/product"}],"wp:featuredmedia":[{"embeddable":true,"href":"https:\/\/profitstore.pl\/index.php\/wp-json\/wp\/v2\/media\/111419"}],"wp:attachment":[{"href":"https:\/\/profitstore.pl\/index.php\/wp-json\/wp\/v2\/media?parent=102733"}],"curies":[{"name":"wp","href":"https:\/\/api.w.org\/{rel}","templated":true}]}}