{"id":102731,"date":"2026-04-18T17:08:59","date_gmt":"2026-04-18T17:08:59","guid":{"rendered":"https:\/\/profitstore.pl\/index.php\/produkt\/filtr-eu9-do-klimor-mckh-03-592x287x500\/"},"modified":"2026-04-18T17:09:00","modified_gmt":"2026-04-18T17:09:00","slug":"filtr-eu9-do-klimor-mckh-03-592x287x500","status":"publish","type":"product","link":"https:\/\/profitstore.pl\/index.php\/produkt\/filtr-eu9-do-klimor-mckh-03-592x287x500\/","title":{"rendered":"Filtr EU9 do KLIMOR MCKH 03 (592x287x500)"},"content":{"rendered":"<p>Filtr\u00a0 kieszeniowy \u00a0klasy F9\u00a0\/ EU9 \u00a0o wymiarach\u00a0 592x592x500 \u00a0mm\u00a0w\u00a0ramce metalowej pasuj\u0105cy do central KLIMOR. Filtry s\u0105 zamiennikami, nazwy producent\u00f3w i marek zosta\u0142y u\u017cyte w celu identyfikacji produktu. Zdj\u0119cie filtra jest pogl\u0105dowe, kolor maty mo\u017ce si\u0119 r\u00f3\u017cni\u0107.\u00a0<\/p>\n<p>Poni\u017cej przedstawiamy sprzedawany produkt:<\/p>\n<p><img src=\"https:\/\/pureventfilters.eu\/4834-large_default\/filtr-eu9-do-klimor-mckh-03-592x287x500.jpg\" alt=\"Filtr EU9 do KLIMOR MCKH 03 (592x287x500)\" \/><\/p>\n","protected":false},"excerpt":{"rendered":"<p>Filtr\u00a0 kieszeniowy \u00a0klasy F9\u00a0\/ EU9 \u00a0o wymiarach\u00a0 592x592x500 \u00a0mm\u00a0w\u00a0ramce metalowej pasuj\u0105cy do central KLIMOR. Filtry s\u0105 zamiennikami, nazwy producent\u00f3w i marek zosta\u0142y u\u017cyte w celu identyfikacji produktu. Zdj\u0119cie filtra jest pogl\u0105dowe, kolor maty mo\u017ce si\u0119 r\u00f3\u017cni\u0107.\u00a0 Poni\u017cej przedstawiamy sprzedawany produkt:<\/p>\n","protected":false},"featured_media":111406,"template":"","meta":[],"_links":{"self":[{"href":"https:\/\/profitstore.pl\/index.php\/wp-json\/wp\/v2\/product\/102731"}],"collection":[{"href":"https:\/\/profitstore.pl\/index.php\/wp-json\/wp\/v2\/product"}],"about":[{"href":"https:\/\/profitstore.pl\/index.php\/wp-json\/wp\/v2\/types\/product"}],"wp:featuredmedia":[{"embeddable":true,"href":"https:\/\/profitstore.pl\/index.php\/wp-json\/wp\/v2\/media\/111406"}],"wp:attachment":[{"href":"https:\/\/profitstore.pl\/index.php\/wp-json\/wp\/v2\/media?parent=102731"}],"curies":[{"name":"wp","href":"https:\/\/api.w.org\/{rel}","templated":true}]}}