{"id":102664,"date":"2026-04-23T07:13:43","date_gmt":"2026-04-23T07:13:43","guid":{"rendered":"https:\/\/profitstore.pl\/index.php\/produkt\/filtr-eu4-do-vallox-145-mv-r-500x295-formatka-filtracyjna\/"},"modified":"2026-04-23T07:13:44","modified_gmt":"2026-04-23T07:13:44","slug":"filtr-eu4-do-vallox-145-mv-r-500x295-formatka-filtracyjna","status":"publish","type":"product","link":"https:\/\/profitstore.pl\/index.php\/produkt\/filtr-eu4-do-vallox-145-mv-r-500x295-formatka-filtracyjna\/","title":{"rendered":"Filtr EU4 do VALLOX 145 MV R (500&#215;295) formatka filtracyjna"},"content":{"rendered":"<p>Filtr, formatka filtracyjna klasy G4\/EU4 pasuj\u0105ca do centrali wentylacyjnej\u00a0 VALLOX 145 MV R. Filtr\u00a0jest zamiennikiem. Nazwy urz\u0105dze\u0144, cz\u0119\u015bci i marek zosta\u0142y u\u017cyte w celu identyfikacji produktu.<\/p>\n<p>Poni\u017cej przedstawiamy sprzedawany produkt:<\/p>\n<p><img src=\"https:\/\/pureventfilters.eu\/3254-large_default\/filtr-eu4-do-vallox-145-mv-r-500x295-formatka-filtracyjna.jpg\" alt=\"Filtr EU4 do VALLOX 145 MV R (500x295) formatka filtracyjna\" \/><\/p>\n","protected":false},"excerpt":{"rendered":"<p>Filtr, formatka filtracyjna klasy G4\/EU4 pasuj\u0105ca do centrali wentylacyjnej\u00a0 VALLOX 145 MV R. Filtr\u00a0jest zamiennikiem. Nazwy urz\u0105dze\u0144, cz\u0119\u015bci i marek zosta\u0142y u\u017cyte w celu identyfikacji produktu. Poni\u017cej przedstawiamy sprzedawany produkt:<\/p>\n","protected":false},"featured_media":111383,"template":"","meta":[],"_links":{"self":[{"href":"https:\/\/profitstore.pl\/index.php\/wp-json\/wp\/v2\/product\/102664"}],"collection":[{"href":"https:\/\/profitstore.pl\/index.php\/wp-json\/wp\/v2\/product"}],"about":[{"href":"https:\/\/profitstore.pl\/index.php\/wp-json\/wp\/v2\/types\/product"}],"wp:featuredmedia":[{"embeddable":true,"href":"https:\/\/profitstore.pl\/index.php\/wp-json\/wp\/v2\/media\/111383"}],"wp:attachment":[{"href":"https:\/\/profitstore.pl\/index.php\/wp-json\/wp\/v2\/media?parent=102664"}],"curies":[{"name":"wp","href":"https:\/\/api.w.org\/{rel}","templated":true}]}}