{"id":102547,"date":"2026-04-22T17:09:27","date_gmt":"2026-04-22T17:09:27","guid":{"rendered":"https:\/\/profitstore.pl\/index.php\/produkt\/filtr-powietrza-eu7-do-central-vallox-145-mv-r-308x287x96-2\/"},"modified":"2026-04-22T17:09:28","modified_gmt":"2026-04-22T17:09:28","slug":"filtr-powietrza-eu7-do-central-vallox-145-mv-r-308x287x96-2","status":"publish","type":"product","link":"https:\/\/profitstore.pl\/index.php\/produkt\/filtr-powietrza-eu7-do-central-vallox-145-mv-r-308x287x96-2\/","title":{"rendered":"Filtr powietrza EU7 do central VALLOX 145 MV R (308x287x96)"},"content":{"rendered":"<p>Filtr kasetowy pasuje do centrali wentylacyjnych \u00a0 VALLOX 145 MV R . Wymiary filtra : 308x287x96\u00a0mm Wk\u0142ad filtra: mata plisowana MiniPleat EU7 Prowadzimy sprzeda\u017c filtr\u00f3w w kasecie metalowej gdzie zalet\u0105 takiego rozwi\u0105zania jest mo\u017cliwo\u015b\u0107 samodzielnej wymiany wk\u0142adu filtracyjnego, oraz obni\u017cenie koszt\u00f3w eksploatacji. Wk\u0142ady dost\u0119pne w atrakcyjnych cenach. \u00a0 Filtr\u00a0jest zamiennikiem. Nazwy urz\u0105dze\u0144, cz\u0119\u015bci i marek zosta\u0142y u\u017cyte w celu identyfikacji produktu.<\/p>\n<p>Poni\u017cej przedstawiamy sprzedawany produkt:<\/p>\n<p><img src=\"https:\/\/pureventfilters.eu\/3252-large_default\/filtr-powietrza-eu7-do-central-vallox-145-mv-r-308x287x96.jpg\" alt=\"Filtr powietrza EU7 do central VALLOX 145 MV R (308x287x96)\" \/><\/p>\n","protected":false},"excerpt":{"rendered":"<p>Filtr kasetowy pasuje do centrali wentylacyjnych \u00a0 VALLOX 145 MV R . Wymiary filtra : 308x287x96\u00a0mm Wk\u0142ad filtra: mata plisowana MiniPleat EU7 Prowadzimy sprzeda\u017c filtr\u00f3w w kasecie metalowej gdzie zalet\u0105 takiego rozwi\u0105zania jest mo\u017cliwo\u015b\u0107 samodzielnej wymiany wk\u0142adu filtracyjnego, oraz obni\u017cenie koszt\u00f3w eksploatacji. Wk\u0142ady dost\u0119pne w atrakcyjnych cenach. \u00a0 Filtr\u00a0jest zamiennikiem. Nazwy urz\u0105dze\u0144, cz\u0119\u015bci i marek [&hellip;]<\/p>\n","protected":false},"featured_media":111381,"template":"","meta":[],"_links":{"self":[{"href":"https:\/\/profitstore.pl\/index.php\/wp-json\/wp\/v2\/product\/102547"}],"collection":[{"href":"https:\/\/profitstore.pl\/index.php\/wp-json\/wp\/v2\/product"}],"about":[{"href":"https:\/\/profitstore.pl\/index.php\/wp-json\/wp\/v2\/types\/product"}],"wp:featuredmedia":[{"embeddable":true,"href":"https:\/\/profitstore.pl\/index.php\/wp-json\/wp\/v2\/media\/111381"}],"wp:attachment":[{"href":"https:\/\/profitstore.pl\/index.php\/wp-json\/wp\/v2\/media?parent=102547"}],"curies":[{"name":"wp","href":"https:\/\/api.w.org\/{rel}","templated":true}]}}