{"id":102516,"date":"2026-04-22T07:18:25","date_gmt":"2026-04-22T07:18:25","guid":{"rendered":"https:\/\/profitstore.pl\/index.php\/produkt\/filtr-eu4-do-trinnity-800-ec-570x255\/"},"modified":"2026-04-22T07:18:28","modified_gmt":"2026-04-22T07:18:28","slug":"filtr-eu4-do-trinnity-800-ec-570x255","status":"publish","type":"product","link":"https:\/\/profitstore.pl\/index.php\/produkt\/filtr-eu4-do-trinnity-800-ec-570x255\/","title":{"rendered":"Filtr EU4 do Trinnity 800 EC (570&#215;255)"},"content":{"rendered":"<p>1szt . Filtra p\u0142askiego\u00a0wykonanego z maty o klasie filtracji\u00a0 G4\/EU4 . Filtr\u00a0jest zamiennikiem. Nazwy urz\u0105dze\u0144, cz\u0119\u015bci i marek zosta\u0142y u\u017cyte w celu identyfikacji produktu.<\/p>\n<p>Poni\u017cej przedstawiamy sprzedawany produkt:<\/p>\n<p><img src=\"https:\/\/pureventfilters.eu\/5012-large_default\/filtr-eu4-do-trinnity-800-ec-570x255.jpg\" alt=\"Filtr EU4 do Trinnity 800 EC (570x255)\" \/><\/p>\n","protected":false},"excerpt":{"rendered":"<p>1szt . Filtra p\u0142askiego\u00a0wykonanego z maty o klasie filtracji\u00a0 G4\/EU4 . Filtr\u00a0jest zamiennikiem. Nazwy urz\u0105dze\u0144, cz\u0119\u015bci i marek zosta\u0142y u\u017cyte w celu identyfikacji produktu. Poni\u017cej przedstawiamy sprzedawany produkt:<\/p>\n","protected":false},"featured_media":111418,"template":"","meta":[],"_links":{"self":[{"href":"https:\/\/profitstore.pl\/index.php\/wp-json\/wp\/v2\/product\/102516"}],"collection":[{"href":"https:\/\/profitstore.pl\/index.php\/wp-json\/wp\/v2\/product"}],"about":[{"href":"https:\/\/profitstore.pl\/index.php\/wp-json\/wp\/v2\/types\/product"}],"wp:featuredmedia":[{"embeddable":true,"href":"https:\/\/profitstore.pl\/index.php\/wp-json\/wp\/v2\/media\/111418"}],"wp:attachment":[{"href":"https:\/\/profitstore.pl\/index.php\/wp-json\/wp\/v2\/media?parent=102516"}],"curies":[{"name":"wp","href":"https:\/\/api.w.org\/{rel}","templated":true}]}}