{"id":102281,"date":"2026-04-21T17:03:32","date_gmt":"2026-04-21T17:03:32","guid":{"rendered":"https:\/\/profitstore.pl\/index.php\/produkt\/filtry-plaskie-weglowe-eu4-do-klimor-kcx-500-480x195-2\/"},"modified":"2026-04-21T17:03:33","modified_gmt":"2026-04-21T17:03:33","slug":"filtry-plaskie-weglowe-eu4-do-klimor-kcx-500-480x195","status":"publish","type":"product","link":"https:\/\/profitstore.pl\/index.php\/produkt\/filtry-plaskie-weglowe-eu4-do-klimor-kcx-500-480x195\/","title":{"rendered":"Filtry p\u0142askie w\u0119glowe EU4 do KLIMOR KCX 500 (480&#215;195)"},"content":{"rendered":"<p>1szt. Filtra p\u0142askiego\u00a0 \u00a0wykonanych z maty w\u0119glowej o klasie filtracji G4\/EU4. Mata obszyta na ramce z drutu stalowego. ZASTOSOWANIE: Filtry w\u0119glowe mog\u0105 by\u0107 zamiennie stosowane ze standardowymi filtrami M5. Cech\u0105 charakterystyczn\u0105 filtr\u00f3w z w\u0142\u00f3knin\u0105 w\u0119glow\u0105 jest \u00a0redukcja zapach\u00f3w, w\u0119glowodor\u00f3w oraz zwi\u0105zk\u00f3w organicznych pochodz\u0105cych z zanieczyszczonego powietrza z zewn\u0105trz budynku. \u00a0Maj\u0105 zastosowanie g\u0142\u00f3wnie w okresie grzewczym. Polecane s\u0105 dla u\u017cytkownik\u00f3w rekuperator\u00f3w w kt\u00f3rych s\u0105siedztwie znajduj\u0105 si\u0119 domy\/budynki opalane paliwami sta\u0142ymi. Filtry kasetowe nale\u017cy wymienia\u0107 po ich zabrudzeniu z cz\u0119stotliwo\u015bci\u0105 zale\u017cn\u0105 od stopnia zanieczyszczenia powietrza, jednak nie rzadziej ni\u017c co 3 miesi\u0105ce. Filtry wyjmuje si\u0119 po zdj\u0119ciu przedniej pokrywy obudowy KCX &#8211; odkr\u0119cenie czterech zamk\u00f3w, jednocze\u015bnie trzymaj\u0105c pokryw\u0119 za uchwyty. Filtry s\u0105 zamiennikami, nazwa producenta zosta\u0142a u\u017cyta jedynie w celu identyfikacji produktu.<\/p>\n<p>Poni\u017cej przedstawiamy sprzedawany produkt:<\/p>\n<p><img src=\"https:\/\/pureventfilters.eu\/1412-large_default\/filtry-plaskie-weglowe-eu4-do-klimor-kcx-500-480x195.jpg\" alt=\"Filtry p\u0142askie w\u0119glowe EU4 do KLIMOR KCX 500 (480x195)\" \/><\/p>\n","protected":false},"excerpt":{"rendered":"<p>1szt. Filtra p\u0142askiego\u00a0 \u00a0wykonanych z maty w\u0119glowej o klasie filtracji G4\/EU4. Mata obszyta na ramce z drutu stalowego. ZASTOSOWANIE: Filtry w\u0119glowe mog\u0105 by\u0107 zamiennie stosowane ze standardowymi filtrami M5. Cech\u0105 charakterystyczn\u0105 filtr\u00f3w z w\u0142\u00f3knin\u0105 w\u0119glow\u0105 jest \u00a0redukcja zapach\u00f3w, w\u0119glowodor\u00f3w oraz zwi\u0105zk\u00f3w organicznych pochodz\u0105cych z zanieczyszczonego powietrza z zewn\u0105trz budynku. \u00a0Maj\u0105 zastosowanie g\u0142\u00f3wnie w okresie grzewczym. [&hellip;]<\/p>\n","protected":false},"featured_media":28419,"template":"","meta":[],"_links":{"self":[{"href":"https:\/\/profitstore.pl\/index.php\/wp-json\/wp\/v2\/product\/102281"}],"collection":[{"href":"https:\/\/profitstore.pl\/index.php\/wp-json\/wp\/v2\/product"}],"about":[{"href":"https:\/\/profitstore.pl\/index.php\/wp-json\/wp\/v2\/types\/product"}],"wp:featuredmedia":[{"embeddable":true,"href":"https:\/\/profitstore.pl\/index.php\/wp-json\/wp\/v2\/media\/28419"}],"wp:attachment":[{"href":"https:\/\/profitstore.pl\/index.php\/wp-json\/wp\/v2\/media?parent=102281"}],"curies":[{"name":"wp","href":"https:\/\/api.w.org\/{rel}","templated":true}]}}