{"id":102270,"date":"2026-04-20T07:00:49","date_gmt":"2026-04-20T07:00:49","guid":{"rendered":"https:\/\/profitstore.pl\/index.php\/produkt\/filtr-eu4-do-klimor-mckt02-915x305x50\/"},"modified":"2026-04-20T07:00:50","modified_gmt":"2026-04-20T07:00:50","slug":"filtr-eu4-do-klimor-mckt02-915x305x50","status":"publish","type":"product","link":"https:\/\/profitstore.pl\/index.php\/produkt\/filtr-eu4-do-klimor-mckt02-915x305x50\/","title":{"rendered":"Filtr EU4 do KLIMOR MCKT02 (915x305x50)"},"content":{"rendered":"<p>1szt. filtra kasetowego. Filtr wykonany jest w ramce stalowej ocynkowanej. Wk\u0142ad filtra z maty o klasie filtracji G4\/EU4 z siatk\u0105 wzmacniaj\u0105c\u0105.<\/p>\n<p>Poni\u017cej przedstawiamy sprzedawany produkt:<\/p>\n<p><img src=\"https:\/\/pureventfilters.eu\/154-large_default\/filtr-eu4-do-klimor-mckt02-915x305x50.jpg\" alt=\"Filtr EU4 do KLIMOR MCKT02 (915x305x50)\" \/><\/p>\n","protected":false},"excerpt":{"rendered":"<p>1szt. filtra kasetowego. Filtr wykonany jest w ramce stalowej ocynkowanej. Wk\u0142ad filtra z maty o klasie filtracji G4\/EU4 z siatk\u0105 wzmacniaj\u0105c\u0105. Poni\u017cej przedstawiamy sprzedawany produkt:<\/p>\n","protected":false},"featured_media":111273,"template":"","meta":[],"_links":{"self":[{"href":"https:\/\/profitstore.pl\/index.php\/wp-json\/wp\/v2\/product\/102270"}],"collection":[{"href":"https:\/\/profitstore.pl\/index.php\/wp-json\/wp\/v2\/product"}],"about":[{"href":"https:\/\/profitstore.pl\/index.php\/wp-json\/wp\/v2\/types\/product"}],"wp:featuredmedia":[{"embeddable":true,"href":"https:\/\/profitstore.pl\/index.php\/wp-json\/wp\/v2\/media\/111273"}],"wp:attachment":[{"href":"https:\/\/profitstore.pl\/index.php\/wp-json\/wp\/v2\/media?parent=102270"}],"curies":[{"name":"wp","href":"https:\/\/api.w.org\/{rel}","templated":true}]}}