{"id":102267,"date":"2026-04-18T17:00:24","date_gmt":"2026-04-18T17:00:24","guid":{"rendered":"https:\/\/profitstore.pl\/index.php\/produkt\/filtr-eu4-do-klimor-mckt-hpx-03-550x500x100\/"},"modified":"2026-04-18T17:00:25","modified_gmt":"2026-04-18T17:00:25","slug":"filtr-eu4-do-klimor-mckt-hpx-03-550x500x100","status":"publish","type":"product","link":"https:\/\/profitstore.pl\/index.php\/produkt\/filtr-eu4-do-klimor-mckt-hpx-03-550x500x100\/","title":{"rendered":"Filtr EU4 do KLIMOR MCKT-HPX 03 (550x500x100)"},"content":{"rendered":"<p>1szt. filtra kasetowego \u00a0pasuj\u0105cego do centrali KLIMOR MCKT-HPX 3. Filtr wykonany jest w ramce stalowej ocynkowanej. Wk\u0142ad filtra z maty o klasie filtracji G4\/EU4 z siatk\u0105 wzmacniaj\u0105c\u0105.<\/p>\n<p>Poni\u017cej przedstawiamy sprzedawany produkt:<\/p>\n<p><img src=\"https:\/\/pureventfilters.eu\/4975-large_default\/filtr-eu4-do-klimor-mckt-hpx-03-550x500x100.jpg\" alt=\"Filtr EU4 do KLIMOR MCKT-HPX 03 (550x500x100)\" \/><\/p>\n","protected":false},"excerpt":{"rendered":"<p>1szt. filtra kasetowego \u00a0pasuj\u0105cego do centrali KLIMOR MCKT-HPX 3. Filtr wykonany jest w ramce stalowej ocynkowanej. Wk\u0142ad filtra z maty o klasie filtracji G4\/EU4 z siatk\u0105 wzmacniaj\u0105c\u0105. Poni\u017cej przedstawiamy sprzedawany produkt:<\/p>\n","protected":false},"featured_media":111268,"template":"","meta":[],"_links":{"self":[{"href":"https:\/\/profitstore.pl\/index.php\/wp-json\/wp\/v2\/product\/102267"}],"collection":[{"href":"https:\/\/profitstore.pl\/index.php\/wp-json\/wp\/v2\/product"}],"about":[{"href":"https:\/\/profitstore.pl\/index.php\/wp-json\/wp\/v2\/types\/product"}],"wp:featuredmedia":[{"embeddable":true,"href":"https:\/\/profitstore.pl\/index.php\/wp-json\/wp\/v2\/media\/111268"}],"wp:attachment":[{"href":"https:\/\/profitstore.pl\/index.php\/wp-json\/wp\/v2\/media?parent=102267"}],"curies":[{"name":"wp","href":"https:\/\/api.w.org\/{rel}","templated":true}]}}