{"id":102261,"date":"2026-04-21T17:00:25","date_gmt":"2026-04-21T17:00:25","guid":{"rendered":"https:\/\/profitstore.pl\/index.php\/produkt\/filtr-eu4-do-klimor-mckt-hpx-01350x250x100\/"},"modified":"2026-04-21T17:00:26","modified_gmt":"2026-04-21T17:00:26","slug":"filtr-eu4-do-klimor-mckt-hpx-01350x250x100","status":"publish","type":"product","link":"https:\/\/profitstore.pl\/index.php\/produkt\/filtr-eu4-do-klimor-mckt-hpx-01350x250x100\/","title":{"rendered":"Filtr EU4 do KLIMOR MCKT-HPX 01(350x250x100)"},"content":{"rendered":"<p>1szt. filtra kasetowego \u00a0do centrali KLIMOR MCKT-HPX 01 . Filtr wykonany jest w ramce stalowej ocynkowanej. Wk\u0142ad filtra z maty o klasie filtracji G4\/EU4 z siatk\u0105 wzmacniaj\u0105c\u0105. \u00a0Filtr jest zamiennikiem. Nazwy urz\u0105dze\u0144, cz\u0119\u015bci i marek zosta\u0142y u\u017cyte w celu identyfikacji produktu.<\/p>\n<p>Poni\u017cej przedstawiamy sprzedawany produkt:<\/p>\n<p><img src=\"https:\/\/pureventfilters.eu\/4979-large_default\/filtr-eu4-do-klimor-mckt-hpx-01350x250x100.jpg\" alt=\"Filtr EU4 do KLIMOR MCKT-HPX 01(350x250x100)\" \/><\/p>\n","protected":false},"excerpt":{"rendered":"<p>1szt. filtra kasetowego \u00a0do centrali KLIMOR MCKT-HPX 01 . Filtr wykonany jest w ramce stalowej ocynkowanej. Wk\u0142ad filtra z maty o klasie filtracji G4\/EU4 z siatk\u0105 wzmacniaj\u0105c\u0105. \u00a0Filtr jest zamiennikiem. Nazwy urz\u0105dze\u0144, cz\u0119\u015bci i marek zosta\u0142y u\u017cyte w celu identyfikacji produktu. Poni\u017cej przedstawiamy sprzedawany produkt:<\/p>\n","protected":false},"featured_media":111264,"template":"","meta":[],"_links":{"self":[{"href":"https:\/\/profitstore.pl\/index.php\/wp-json\/wp\/v2\/product\/102261"}],"collection":[{"href":"https:\/\/profitstore.pl\/index.php\/wp-json\/wp\/v2\/product"}],"about":[{"href":"https:\/\/profitstore.pl\/index.php\/wp-json\/wp\/v2\/types\/product"}],"wp:featuredmedia":[{"embeddable":true,"href":"https:\/\/profitstore.pl\/index.php\/wp-json\/wp\/v2\/media\/111264"}],"wp:attachment":[{"href":"https:\/\/profitstore.pl\/index.php\/wp-json\/wp\/v2\/media?parent=102261"}],"curies":[{"name":"wp","href":"https:\/\/api.w.org\/{rel}","templated":true}]}}