{"id":102257,"date":"2026-04-29T07:16:00","date_gmt":"2026-04-29T07:16:00","guid":{"rendered":"https:\/\/profitstore.pl\/index.php\/produkt\/filtr-plaski-eu3-do-brink-renovent-excellent-plus-450l-4-0-530x190-2\/"},"modified":"2026-04-29T07:16:01","modified_gmt":"2026-04-29T07:16:01","slug":"filtr-plaski-eu3-do-brink-renovent-excellent-plus-450l-4-0-530x190","status":"publish","type":"product","link":"https:\/\/profitstore.pl\/index.php\/produkt\/filtr-plaski-eu3-do-brink-renovent-excellent-plus-450l-4-0-530x190\/","title":{"rendered":"Filtr p\u0142aski EU3 do Brink Renovent excellent Plus 450L 4\/0 (530&#215;190)"},"content":{"rendered":"<p>1szt. Filtra p\u0142askiego \u00a0wykonanych z maty o klasie filtracji G3\/EU3. Mata obszyta na ramce z drutu stalowego. Filtry s\u0105 zamiennikami, nazwa producenta zosta\u0142a u\u017cyta jedynie w celu identyfikacji produktu.<\/p>\n<p>Poni\u017cej przedstawiamy sprzedawany produkt:<\/p>\n<p><img src=\"https:\/\/pureventfilters.eu\/4162-large_default\/filtr-plaski-eu3-do-brink-renovent-excellent-plus-450l-40-530x190.jpg\" alt=\"Filtr p\u0142aski EU3 do Brink Renovent excellent Plus 450L 4\/0 (530x190)\" \/><\/p>\n","protected":false},"excerpt":{"rendered":"<p>1szt. Filtra p\u0142askiego \u00a0wykonanych z maty o klasie filtracji G3\/EU3. Mata obszyta na ramce z drutu stalowego. Filtry s\u0105 zamiennikami, nazwa producenta zosta\u0142a u\u017cyta jedynie w celu identyfikacji produktu. Poni\u017cej przedstawiamy sprzedawany produkt:<\/p>\n","protected":false},"featured_media":64799,"template":"","meta":[],"_links":{"self":[{"href":"https:\/\/profitstore.pl\/index.php\/wp-json\/wp\/v2\/product\/102257"}],"collection":[{"href":"https:\/\/profitstore.pl\/index.php\/wp-json\/wp\/v2\/product"}],"about":[{"href":"https:\/\/profitstore.pl\/index.php\/wp-json\/wp\/v2\/types\/product"}],"wp:featuredmedia":[{"embeddable":true,"href":"https:\/\/profitstore.pl\/index.php\/wp-json\/wp\/v2\/media\/64799"}],"wp:attachment":[{"href":"https:\/\/profitstore.pl\/index.php\/wp-json\/wp\/v2\/media?parent=102257"}],"curies":[{"name":"wp","href":"https:\/\/api.w.org\/{rel}","templated":true}]}}