{"id":102232,"date":"2026-04-21T17:00:27","date_gmt":"2026-04-21T17:00:27","guid":{"rendered":"https:\/\/profitstore.pl\/index.php\/produkt\/filtr-plaski-eu4-do-klimor-kcx-800-580x270-2\/"},"modified":"2026-04-21T17:00:28","modified_gmt":"2026-04-21T17:00:28","slug":"filtr-plaski-eu4-do-klimor-kcx-800-580x270","status":"publish","type":"product","link":"https:\/\/profitstore.pl\/index.php\/produkt\/filtr-plaski-eu4-do-klimor-kcx-800-580x270\/","title":{"rendered":"Filtr p\u0142aski EU4 do KLIMOR KCX 800 (580&#215;270)"},"content":{"rendered":"<p>1szt. Filtra p\u0142askiego\u00a0 wykonanego z maty o klasie filtracji G4\/EU4. Mata obszyta na ramce z drutu stalowego. Filtry kasetowe nale\u017cy wymienia\u0107 po ich zabrudzeniu z cz\u0119stotliwo\u015bci\u0105 zale\u017cn\u0105 od stopnia zanieczyszczenia powietrza, jednak nie rzadziej ni\u017c co 3 miesi\u0105ce. Filtry wyjmuje si\u0119 po zdj\u0119ciu przedniej pokrywy obudowy KCX &#8211; odkr\u0119cenie czterech zamk\u00f3w, jednocze\u015bnie trzymaj\u0105c pokryw\u0119 za uchwyty. Filtry s\u0105 zamiennikami, nazwa producenta zosta\u0142a u\u017cyta jedynie w celu identyfikacji produktu.<\/p>\n<p>Poni\u017cej przedstawiamy sprzedawany produkt:<\/p>\n<p><img src=\"https:\/\/pureventfilters.eu\/250-large_default\/filtr-plaski-eu4-do-klimor-kcx-800-580x270.jpg\" alt=\"Filtr p\u0142aski EU4 do KLIMOR KCX 800 (580x270)\" \/><\/p>\n","protected":false},"excerpt":{"rendered":"<p>1szt. Filtra p\u0142askiego\u00a0 wykonanego z maty o klasie filtracji G4\/EU4. Mata obszyta na ramce z drutu stalowego. Filtry kasetowe nale\u017cy wymienia\u0107 po ich zabrudzeniu z cz\u0119stotliwo\u015bci\u0105 zale\u017cn\u0105 od stopnia zanieczyszczenia powietrza, jednak nie rzadziej ni\u017c co 3 miesi\u0105ce. Filtry wyjmuje si\u0119 po zdj\u0119ciu przedniej pokrywy obudowy KCX &#8211; odkr\u0119cenie czterech zamk\u00f3w, jednocze\u015bnie trzymaj\u0105c pokryw\u0119 za [&hellip;]<\/p>\n","protected":false},"featured_media":27890,"template":"","meta":[],"_links":{"self":[{"href":"https:\/\/profitstore.pl\/index.php\/wp-json\/wp\/v2\/product\/102232"}],"collection":[{"href":"https:\/\/profitstore.pl\/index.php\/wp-json\/wp\/v2\/product"}],"about":[{"href":"https:\/\/profitstore.pl\/index.php\/wp-json\/wp\/v2\/types\/product"}],"wp:featuredmedia":[{"embeddable":true,"href":"https:\/\/profitstore.pl\/index.php\/wp-json\/wp\/v2\/media\/27890"}],"wp:attachment":[{"href":"https:\/\/profitstore.pl\/index.php\/wp-json\/wp\/v2\/media?parent=102232"}],"curies":[{"name":"wp","href":"https:\/\/api.w.org\/{rel}","templated":true}]}}