{"id":102223,"date":"2026-04-18T17:00:22","date_gmt":"2026-04-18T17:00:22","guid":{"rendered":"https:\/\/profitstore.pl\/index.php\/produkt\/filtr-eu4-do-juwent-typu-rgs-1000-650x300x25\/"},"modified":"2026-04-18T17:00:22","modified_gmt":"2026-04-18T17:00:22","slug":"filtr-eu4-do-juwent-typu-rgs-1000-650x300x25","status":"publish","type":"product","link":"https:\/\/profitstore.pl\/index.php\/produkt\/filtr-eu4-do-juwent-typu-rgs-1000-650x300x25\/","title":{"rendered":"Filtr EU4 do JUWENT typu RGS-1000 (650x300x25)"},"content":{"rendered":"<p>1szt. filtra kasetowego. Filtry wykonane s\u0105 w ramce stalowej ocynkowanej. Wk\u0142ad filtra z maty o klasie filtracji G4\/EU4 z siatk\u0105 wzmacniaj\u0105c\u0105. Wymiary: 650x300x25 Klasa filtracji wg EN 779:2012 : filtracja wst\u0119pna\u00a0 G4 Filtry s\u0105 zamiennikami, nazwa producenta zosta\u0142a u\u017cyta jedynie w celu identyfikacji produktu.<\/p>\n<p>Poni\u017cej przedstawiamy sprzedawany produkt:<\/p>\n<p><img src=\"https:\/\/pureventfilters.eu\/2213-large_default\/filtr-eu4-do-juwent-typu-rgs-1000-650x300x25.jpg\" alt=\"Filtr EU4 do JUWENT typu RGS-1000 (650x300x25)\" \/><\/p>\n","protected":false},"excerpt":{"rendered":"<p>1szt. filtra kasetowego. Filtry wykonane s\u0105 w ramce stalowej ocynkowanej. Wk\u0142ad filtra z maty o klasie filtracji G4\/EU4 z siatk\u0105 wzmacniaj\u0105c\u0105. Wymiary: 650x300x25 Klasa filtracji wg EN 779:2012 : filtracja wst\u0119pna\u00a0 G4 Filtry s\u0105 zamiennikami, nazwa producenta zosta\u0142a u\u017cyta jedynie w celu identyfikacji produktu. Poni\u017cej przedstawiamy sprzedawany produkt:<\/p>\n","protected":false},"featured_media":111261,"template":"","meta":[],"_links":{"self":[{"href":"https:\/\/profitstore.pl\/index.php\/wp-json\/wp\/v2\/product\/102223"}],"collection":[{"href":"https:\/\/profitstore.pl\/index.php\/wp-json\/wp\/v2\/product"}],"about":[{"href":"https:\/\/profitstore.pl\/index.php\/wp-json\/wp\/v2\/types\/product"}],"wp:featuredmedia":[{"embeddable":true,"href":"https:\/\/profitstore.pl\/index.php\/wp-json\/wp\/v2\/media\/111261"}],"wp:attachment":[{"href":"https:\/\/profitstore.pl\/index.php\/wp-json\/wp\/v2\/media?parent=102223"}],"curies":[{"name":"wp","href":"https:\/\/api.w.org\/{rel}","templated":true}]}}