{"id":102219,"date":"2026-04-21T17:00:24","date_gmt":"2026-04-21T17:00:24","guid":{"rendered":"https:\/\/profitstore.pl\/index.php\/produkt\/filtr-eu4-do-rekuperatora-juwent-typu-rgs-500-oraz-rgs-2-440x200x25\/"},"modified":"2026-04-21T17:00:25","modified_gmt":"2026-04-21T17:00:25","slug":"filtr-eu4-do-rekuperatora-juwent-typu-rgs-500-oraz-rgs-2-440x200x25","status":"publish","type":"product","link":"https:\/\/profitstore.pl\/index.php\/produkt\/filtr-eu4-do-rekuperatora-juwent-typu-rgs-500-oraz-rgs-2-440x200x25\/","title":{"rendered":"Filtr EU4 do rekuperatora JUWENT typu RGS-500 oraz RGS-2 (440x200x25)"},"content":{"rendered":"<p>1szt. filtra kasetowego. Filtry wykonane s\u0105 w ramce stalowej ocynkowanej. Wk\u0142ad filtra z maty o klasie filtracji G4\/EU4 z siatk\u0105 wzmacniaj\u0105c\u0105.<\/p>\n<p>Poni\u017cej przedstawiamy sprzedawany produkt:<\/p>\n<p><img src=\"https:\/\/pureventfilters.eu\/4962-large_default\/filtr-eu4-do-rekuperatora-juwent-typu-rgs-500-oraz-rgs-2-440x200x25.jpg\" alt=\"Filtr EU4 do rekuperatora JUWENT typu RGS-500 oraz RGS-2 (440x200x25)\" \/><\/p>\n","protected":false},"excerpt":{"rendered":"<p>1szt. filtra kasetowego. Filtry wykonane s\u0105 w ramce stalowej ocynkowanej. Wk\u0142ad filtra z maty o klasie filtracji G4\/EU4 z siatk\u0105 wzmacniaj\u0105c\u0105. Poni\u017cej przedstawiamy sprzedawany produkt:<\/p>\n","protected":false},"featured_media":111259,"template":"","meta":[],"_links":{"self":[{"href":"https:\/\/profitstore.pl\/index.php\/wp-json\/wp\/v2\/product\/102219"}],"collection":[{"href":"https:\/\/profitstore.pl\/index.php\/wp-json\/wp\/v2\/product"}],"about":[{"href":"https:\/\/profitstore.pl\/index.php\/wp-json\/wp\/v2\/types\/product"}],"wp:featuredmedia":[{"embeddable":true,"href":"https:\/\/profitstore.pl\/index.php\/wp-json\/wp\/v2\/media\/111259"}],"wp:attachment":[{"href":"https:\/\/profitstore.pl\/index.php\/wp-json\/wp\/v2\/media?parent=102219"}],"curies":[{"name":"wp","href":"https:\/\/api.w.org\/{rel}","templated":true}]}}