{"id":102217,"date":"2026-04-23T07:00:32","date_gmt":"2026-04-23T07:00:32","guid":{"rendered":"https:\/\/profitstore.pl\/index.php\/produkt\/filtr-eu4-do-juwent-typu-rgs-250-oraz-rgs-1-300x150x25\/"},"modified":"2026-04-23T07:00:33","modified_gmt":"2026-04-23T07:00:33","slug":"filtr-eu4-do-juwent-typu-rgs-250-oraz-rgs-1-300x150x25","status":"publish","type":"product","link":"https:\/\/profitstore.pl\/index.php\/produkt\/filtr-eu4-do-juwent-typu-rgs-250-oraz-rgs-1-300x150x25\/","title":{"rendered":"Filtr EU4 do JUWENT typu RGS-250 oraz RGS-1 (300x150x25)"},"content":{"rendered":"<p>1szt. filtra kasetowego. Filtr wykonany jest w ramce stalowej ocynkowanej. Wk\u0142ad filtra z maty o klasie filtracji G4\/EU4 z siatk\u0105 wzmacniaj\u0105c\u0105.<\/p>\n<p>Poni\u017cej przedstawiamy sprzedawany produkt:<\/p>\n<p><img src=\"https:\/\/pureventfilters.eu\/4961-large_default\/filtr-eu4-do-juwent-typu-rgs-250-oraz-rgs-1-300x150x25.jpg\" alt=\"Filtr EU4 do JUWENT typu RGS-250 oraz RGS-1 (300x150x25)\" \/><\/p>\n","protected":false},"excerpt":{"rendered":"<p>1szt. filtra kasetowego. Filtr wykonany jest w ramce stalowej ocynkowanej. Wk\u0142ad filtra z maty o klasie filtracji G4\/EU4 z siatk\u0105 wzmacniaj\u0105c\u0105. Poni\u017cej przedstawiamy sprzedawany produkt:<\/p>\n","protected":false},"featured_media":111258,"template":"","meta":[],"_links":{"self":[{"href":"https:\/\/profitstore.pl\/index.php\/wp-json\/wp\/v2\/product\/102217"}],"collection":[{"href":"https:\/\/profitstore.pl\/index.php\/wp-json\/wp\/v2\/product"}],"about":[{"href":"https:\/\/profitstore.pl\/index.php\/wp-json\/wp\/v2\/types\/product"}],"wp:featuredmedia":[{"embeddable":true,"href":"https:\/\/profitstore.pl\/index.php\/wp-json\/wp\/v2\/media\/111258"}],"wp:attachment":[{"href":"https:\/\/profitstore.pl\/index.php\/wp-json\/wp\/v2\/media?parent=102217"}],"curies":[{"name":"wp","href":"https:\/\/api.w.org\/{rel}","templated":true}]}}