{"id":102164,"date":"2026-04-28T17:13:45","date_gmt":"2026-04-28T17:13:45","guid":{"rendered":"https:\/\/profitstore.pl\/index.php\/produkt\/filtr-eu5-do-swegon-020frxp01-592x592x520-10\/"},"modified":"2026-04-28T17:13:46","modified_gmt":"2026-04-28T17:13:46","slug":"filtr-eu5-do-swegon-020frxp01-592x592x520-10","status":"publish","type":"product","link":"https:\/\/profitstore.pl\/index.php\/produkt\/filtr-eu5-do-swegon-020frxp01-592x592x520-10\/","title":{"rendered":"Filtr EU5 do SWEGON 020FRXP01 (592x592x520\/10)"},"content":{"rendered":"<p>Przed zakupem prosimy o weryfikacj\u0119 wymiar\u00f3w filtr\u00f3w podanych w ofercie z rzeczywistymi wymiarami filtr\u00f3w montowanych w centrali. Przy zam\u00f3wieniu prosz\u0119 sugerowa\u0107 si\u0119 wymiarami filtra &#8211; zdj\u0119cie jest jedynie pogl\u0105dowe.\u00a0 Produkt jest zamiennikiem. Nazwy urz\u0105dze\u0144, cz\u0119\u015bci i marek zosta\u0142y u\u017cyte w celu identyfikacji produktu.<\/p>\n<p>Poni\u017cej przedstawiamy sprzedawany produkt:<\/p>\n<p><img src=\"https:\/\/pureventfilters.eu\/4948-large_default\/filtr-eu5-do-swegon-020frxp01-592x592x52010.jpg\" alt=\"Filtr EU5 do SWEGON 020FRXP01 (592x592x520\/10)\" \/><\/p>\n","protected":false},"excerpt":{"rendered":"<p>Przed zakupem prosimy o weryfikacj\u0119 wymiar\u00f3w filtr\u00f3w podanych w ofercie z rzeczywistymi wymiarami filtr\u00f3w montowanych w centrali. Przy zam\u00f3wieniu prosz\u0119 sugerowa\u0107 si\u0119 wymiarami filtra &#8211; zdj\u0119cie jest jedynie pogl\u0105dowe.\u00a0 Produkt jest zamiennikiem. Nazwy urz\u0105dze\u0144, cz\u0119\u015bci i marek zosta\u0142y u\u017cyte w celu identyfikacji produktu. Poni\u017cej przedstawiamy sprzedawany produkt:<\/p>\n","protected":false},"featured_media":111482,"template":"","meta":[],"_links":{"self":[{"href":"https:\/\/profitstore.pl\/index.php\/wp-json\/wp\/v2\/product\/102164"}],"collection":[{"href":"https:\/\/profitstore.pl\/index.php\/wp-json\/wp\/v2\/product"}],"about":[{"href":"https:\/\/profitstore.pl\/index.php\/wp-json\/wp\/v2\/types\/product"}],"wp:featuredmedia":[{"embeddable":true,"href":"https:\/\/profitstore.pl\/index.php\/wp-json\/wp\/v2\/media\/111482"}],"wp:attachment":[{"href":"https:\/\/profitstore.pl\/index.php\/wp-json\/wp\/v2\/media?parent=102164"}],"curies":[{"name":"wp","href":"https:\/\/api.w.org\/{rel}","templated":true}]}}