{"id":102152,"date":"2026-05-06T07:14:03","date_gmt":"2026-05-06T07:14:03","guid":{"rendered":"https:\/\/profitstore.pl\/index.php\/produkt\/filtr-eu5-komfovent-verso-cf-5000-v-c5-650x450x92\/"},"modified":"2026-05-06T07:14:04","modified_gmt":"2026-05-06T07:14:04","slug":"filtr-eu5-komfovent-verso-cf-5000-v-c5-650x450x92","status":"publish","type":"product","link":"https:\/\/profitstore.pl\/index.php\/produkt\/filtr-eu5-komfovent-verso-cf-5000-v-c5-650x450x92\/","title":{"rendered":"Filtr EU5 KOMFOVENT Verso CF 5000 V C5 (650x450x92)"},"content":{"rendered":"<p>Filtr kasetowy klasy\u00a0 M5\/EU5 \u00a0pasuj\u0105cy do centrali wentylacyjnej\u00a0 KOMFOVENT Verso CF 5000 V C5 Filtr\u00a0jest zamiennikiem. Nazwy urz\u0105dze\u0144, cz\u0119\u015bci i marek zosta\u0142y u\u017cyte w celu identyfikacji produktu. Przedstawione zdj\u0119cie ma charakter pogl\u0105dowy<\/p>\n<p>Poni\u017cej przedstawiamy sprzedawany produkt:<\/p>\n<p><img src=\"https:\/\/pureventfilters.eu\/4942-large_default\/filtr-eu5-komfovent-verso-cf-5000-v-c5-650x450x92.jpg\" alt=\"Filtr EU5 KOMFOVENT Verso CF 5000 V C5 (650x450x92)\" \/><\/p>\n","protected":false},"excerpt":{"rendered":"<p>Filtr kasetowy klasy\u00a0 M5\/EU5 \u00a0pasuj\u0105cy do centrali wentylacyjnej\u00a0 KOMFOVENT Verso CF 5000 V C5 Filtr\u00a0jest zamiennikiem. Nazwy urz\u0105dze\u0144, cz\u0119\u015bci i marek zosta\u0142y u\u017cyte w celu identyfikacji produktu. Przedstawione zdj\u0119cie ma charakter pogl\u0105dowy Poni\u017cej przedstawiamy sprzedawany produkt:<\/p>\n","protected":false},"featured_media":111477,"template":"","meta":[],"_links":{"self":[{"href":"https:\/\/profitstore.pl\/index.php\/wp-json\/wp\/v2\/product\/102152"}],"collection":[{"href":"https:\/\/profitstore.pl\/index.php\/wp-json\/wp\/v2\/product"}],"about":[{"href":"https:\/\/profitstore.pl\/index.php\/wp-json\/wp\/v2\/types\/product"}],"wp:featuredmedia":[{"embeddable":true,"href":"https:\/\/profitstore.pl\/index.php\/wp-json\/wp\/v2\/media\/111477"}],"wp:attachment":[{"href":"https:\/\/profitstore.pl\/index.php\/wp-json\/wp\/v2\/media?parent=102152"}],"curies":[{"name":"wp","href":"https:\/\/api.w.org\/{rel}","templated":true}]}}