{"id":102144,"date":"2026-04-28T17:13:41","date_gmt":"2026-04-28T17:13:41","guid":{"rendered":"https:\/\/profitstore.pl\/index.php\/produkt\/filtr-eu7-do-vents-vut-2000-pe-pw-ec-708x480x48-skutecznosc-epm1-7\/"},"modified":"2026-04-28T17:13:42","modified_gmt":"2026-04-28T17:13:42","slug":"filtr-eu7-do-vents-vut-2000-pe-pw-ec-708x480x48-skutecznosc-epm1-7","status":"publish","type":"product","link":"https:\/\/profitstore.pl\/index.php\/produkt\/filtr-eu7-do-vents-vut-2000-pe-pw-ec-708x480x48-skutecznosc-epm1-7\/","title":{"rendered":"Filtr EU7 do VENTS VUT 2000 PE\/PW EC (708x480x48) skuteczno\u015b\u0107 ePM1 7"},"content":{"rendered":"<p>Filtry s\u0105 zamiennikami, nazwy producent\u00f3w i marek zosta\u0142y u\u017cyte w celu identyfikacji produktu.<\/p>\n<p>Poni\u017cej przedstawiamy sprzedawany produkt:<\/p>\n<p><img src=\"https:\/\/pureventfilters.eu\/4938-large_default\/filtr-eu7-do-vents-vut-2000-pepw-ec-708x480x48-skutecznosc-epm1-70-antysmogowy.jpg\" alt=\"Filtr EU7 do VENTS VUT 2000 PE\/PW EC (708x480x48) skuteczno\u015b\u0107 ePM1 7\" \/><\/p>\n","protected":false},"excerpt":{"rendered":"<p>Filtry s\u0105 zamiennikami, nazwy producent\u00f3w i marek zosta\u0142y u\u017cyte w celu identyfikacji produktu. Poni\u017cej przedstawiamy sprzedawany produkt:<\/p>\n","protected":false},"featured_media":111473,"template":"","meta":[],"_links":{"self":[{"href":"https:\/\/profitstore.pl\/index.php\/wp-json\/wp\/v2\/product\/102144"}],"collection":[{"href":"https:\/\/profitstore.pl\/index.php\/wp-json\/wp\/v2\/product"}],"about":[{"href":"https:\/\/profitstore.pl\/index.php\/wp-json\/wp\/v2\/types\/product"}],"wp:featuredmedia":[{"embeddable":true,"href":"https:\/\/profitstore.pl\/index.php\/wp-json\/wp\/v2\/media\/111473"}],"wp:attachment":[{"href":"https:\/\/profitstore.pl\/index.php\/wp-json\/wp\/v2\/media?parent=102144"}],"curies":[{"name":"wp","href":"https:\/\/api.w.org\/{rel}","templated":true}]}}