{"id":102138,"date":"2026-04-28T17:13:39","date_gmt":"2026-04-28T17:13:39","guid":{"rendered":"https:\/\/profitstore.pl\/index.php\/produkt\/filtr-eu5-do-komfovent-domekt-r-300f-c8-250x200x46-epm10-55\/"},"modified":"2026-04-28T17:13:39","modified_gmt":"2026-04-28T17:13:39","slug":"filtr-eu5-do-komfovent-domekt-r-300f-c8-250x200x46-epm10-55","status":"publish","type":"product","link":"https:\/\/profitstore.pl\/index.php\/produkt\/filtr-eu5-do-komfovent-domekt-r-300f-c8-250x200x46-epm10-55\/","title":{"rendered":"Filtr EU5 do Komfovent Domekt R 300F C8 (250x200x46) ePM10 55%"},"content":{"rendered":"<p>Filtr kasetowy pasuj\u0105cy do centrali wentylacyjnej\u00a0 KOMFOVENT DOMEKT\u00a0R 300 F C8. W rekuperatorze montowane s\u0105 2szt. filtr\u00f3w: 1szt. M5\u00a0250x200x46 + 1szt. F7\u00a0250x200x46 Filtry s\u0105 zamiennikami, nazwy producent\u00f3w i marek zosta\u0142y u\u017cyte w celu identyfikacji produktu.<\/p>\n<p>Poni\u017cej przedstawiamy sprzedawany produkt:<\/p>\n<p><img src=\"https:\/\/pureventfilters.eu\/4915-large_default\/filtr-eu5-do-komfovent-domekt-r-300f-c8-250x200x46-epm10-55.jpg\" alt=\"Filtr EU5 do Komfovent Domekt R 300F C8 (250x200x46) ePM10 55%\" \/><\/p>\n","protected":false},"excerpt":{"rendered":"<p>Filtr kasetowy pasuj\u0105cy do centrali wentylacyjnej\u00a0 KOMFOVENT DOMEKT\u00a0R 300 F C8. W rekuperatorze montowane s\u0105 2szt. filtr\u00f3w: 1szt. M5\u00a0250x200x46 + 1szt. F7\u00a0250x200x46 Filtry s\u0105 zamiennikami, nazwy producent\u00f3w i marek zosta\u0142y u\u017cyte w celu identyfikacji produktu. Poni\u017cej przedstawiamy sprzedawany produkt:<\/p>\n","protected":false},"featured_media":111466,"template":"","meta":[],"_links":{"self":[{"href":"https:\/\/profitstore.pl\/index.php\/wp-json\/wp\/v2\/product\/102138"}],"collection":[{"href":"https:\/\/profitstore.pl\/index.php\/wp-json\/wp\/v2\/product"}],"about":[{"href":"https:\/\/profitstore.pl\/index.php\/wp-json\/wp\/v2\/types\/product"}],"wp:featuredmedia":[{"embeddable":true,"href":"https:\/\/profitstore.pl\/index.php\/wp-json\/wp\/v2\/media\/111466"}],"wp:attachment":[{"href":"https:\/\/profitstore.pl\/index.php\/wp-json\/wp\/v2\/media?parent=102138"}],"curies":[{"name":"wp","href":"https:\/\/api.w.org\/{rel}","templated":true}]}}