{"id":102134,"date":"2026-04-29T07:18:55","date_gmt":"2026-04-29T07:18:55","guid":{"rendered":"https:\/\/profitstore.pl\/index.php\/produkt\/filtr-eu7-do-komfovent-domekt-r-150f-c8-225x172x46-epm1-70\/"},"modified":"2026-04-29T07:18:57","modified_gmt":"2026-04-29T07:18:57","slug":"filtr-eu7-do-komfovent-domekt-r-150f-c8-225x172x46-epm1-70","status":"publish","type":"product","link":"https:\/\/profitstore.pl\/index.php\/produkt\/filtr-eu7-do-komfovent-domekt-r-150f-c8-225x172x46-epm1-70\/","title":{"rendered":"Filtr EU7 do Komfovent Domekt R 150F C8 (225x172x46) ePM1 70%"},"content":{"rendered":"<p>Filtr kasetowy pasuj\u0105cy do centrali wentylacyjnej\u00a0 KOMFOVENT DOMEKT\u00a0R 150 F C8. W rekuperatorze montowane s\u0105 2szt. filtr\u00f3w: 1szt. M5\u00a0225x172x46 + 1szt. F7\u00a0225x172x46 Filtry s\u0105 zamiennikami, nazwy producent\u00f3w i marek zosta\u0142y u\u017cyte w celu identyfikacji produktu.<\/p>\n<p>Poni\u017cej przedstawiamy sprzedawany produkt:<\/p>\n<p><img src=\"https:\/\/pureventfilters.eu\/4913-large_default\/filtr-eu7-do-komfovent-domekt-r-150f-c8-225x172x46-epm1-70.jpg\" alt=\"Filtr EU7 do Komfovent Domekt R 150F C8 (225x172x46) ePM1 70%\" \/><\/p>\n","protected":false},"excerpt":{"rendered":"<p>Filtr kasetowy pasuj\u0105cy do centrali wentylacyjnej\u00a0 KOMFOVENT DOMEKT\u00a0R 150 F C8. W rekuperatorze montowane s\u0105 2szt. filtr\u00f3w: 1szt. M5\u00a0225x172x46 + 1szt. F7\u00a0225x172x46 Filtry s\u0105 zamiennikami, nazwy producent\u00f3w i marek zosta\u0142y u\u017cyte w celu identyfikacji produktu. Poni\u017cej przedstawiamy sprzedawany produkt:<\/p>\n","protected":false},"featured_media":111464,"template":"","meta":[],"_links":{"self":[{"href":"https:\/\/profitstore.pl\/index.php\/wp-json\/wp\/v2\/product\/102134"}],"collection":[{"href":"https:\/\/profitstore.pl\/index.php\/wp-json\/wp\/v2\/product"}],"about":[{"href":"https:\/\/profitstore.pl\/index.php\/wp-json\/wp\/v2\/types\/product"}],"wp:featuredmedia":[{"embeddable":true,"href":"https:\/\/profitstore.pl\/index.php\/wp-json\/wp\/v2\/media\/111464"}],"wp:attachment":[{"href":"https:\/\/profitstore.pl\/index.php\/wp-json\/wp\/v2\/media?parent=102134"}],"curies":[{"name":"wp","href":"https:\/\/api.w.org\/{rel}","templated":true}]}}