{"id":102132,"date":"2026-05-04T17:16:14","date_gmt":"2026-05-04T17:16:14","guid":{"rendered":"https:\/\/profitstore.pl\/index.php\/produkt\/filtr-eu5-do-komfovent-domekt-r-150f-c8-225x172x46-epm10-55\/"},"modified":"2026-05-04T17:16:15","modified_gmt":"2026-05-04T17:16:15","slug":"filtr-eu5-do-komfovent-domekt-r-150f-c8-225x172x46-epm10-55","status":"publish","type":"product","link":"https:\/\/profitstore.pl\/index.php\/produkt\/filtr-eu5-do-komfovent-domekt-r-150f-c8-225x172x46-epm10-55\/","title":{"rendered":"Filtr EU5 do Komfovent Domekt R 150F C8 (225x172x46) ePM10 55%"},"content":{"rendered":"<p>Filtr kasetowy pasuj\u0105cy do centrali wentylacyjnej Komfovent Domekt R150 F C8 nadaje si\u0119 do wentylacji mechanicznej z odzyskiem ciep\u0142a, kt\u00f3ra jest coraz popularniejszym rozwi\u0105zaniem w budynkach mieszkalnych i pomieszczeniach u\u017cyteczno\u015bci publicznej. To \u015bwietne rozwi\u0105zanie w przypadku, kiedy chcemy zapewni\u0107 skuteczn\u0105 ochron\u0119 przed zanieczyszczeniami. Filtr do Domekt R 150 F C8 jest szczeg\u00f3lnie polecany dla os\u00f3b z alergiami, astm\u0105, chorobami uk\u0142adu oddechowego lub os\u0142abion\u0105 odporno\u015bci\u0105, poniewa\u017c zapewnia czyste i zdrowe powietrze w pomieszczeniach. Warto pami\u0119ta\u0107, \u017ce w rekuperatorze montowane s\u0105 dwie sztuki filtr\u00f3w: M5\u00a0225x172x46 oraz F7\u00a0225x172x46. Filtr jest zamiennikiem. Nazwy urz\u0105dze\u0144, cz\u0119\u015bci i marek zosta\u0142y u\u017cyte w celu identyfikacji produktu.<\/p>\n<p>Poni\u017cej przedstawiamy sprzedawany produkt:<\/p>\n<p><img src=\"https:\/\/pureventfilters.eu\/4912-large_default\/filtr-eu5-do-komfovent-domekt-r-150f-c8-225x172x46-epm10-55.jpg\" alt=\"Filtr EU5 do Komfovent Domekt R 150F C8 (225x172x46) ePM10 55%\" \/><\/p>\n","protected":false},"excerpt":{"rendered":"<p>Filtr kasetowy pasuj\u0105cy do centrali wentylacyjnej Komfovent Domekt R150 F C8 nadaje si\u0119 do wentylacji mechanicznej z odzyskiem ciep\u0142a, kt\u00f3ra jest coraz popularniejszym rozwi\u0105zaniem w budynkach mieszkalnych i pomieszczeniach u\u017cyteczno\u015bci publicznej. To \u015bwietne rozwi\u0105zanie w przypadku, kiedy chcemy zapewni\u0107 skuteczn\u0105 ochron\u0119 przed zanieczyszczeniami. Filtr do Domekt R 150 F C8 jest szczeg\u00f3lnie polecany dla os\u00f3b [&hellip;]<\/p>\n","protected":false},"featured_media":111463,"template":"","meta":[],"_links":{"self":[{"href":"https:\/\/profitstore.pl\/index.php\/wp-json\/wp\/v2\/product\/102132"}],"collection":[{"href":"https:\/\/profitstore.pl\/index.php\/wp-json\/wp\/v2\/product"}],"about":[{"href":"https:\/\/profitstore.pl\/index.php\/wp-json\/wp\/v2\/types\/product"}],"wp:featuredmedia":[{"embeddable":true,"href":"https:\/\/profitstore.pl\/index.php\/wp-json\/wp\/v2\/media\/111463"}],"wp:attachment":[{"href":"https:\/\/profitstore.pl\/index.php\/wp-json\/wp\/v2\/media?parent=102132"}],"curies":[{"name":"wp","href":"https:\/\/api.w.org\/{rel}","templated":true}]}}