{"id":102044,"date":"2026-04-28T17:13:41","date_gmt":"2026-04-28T17:13:41","guid":{"rendered":"https:\/\/profitstore.pl\/index.php\/produkt\/filtr-eu7-do-samsung-erv-800-1000-515x290x10-zamiennik-db63-01665g\/"},"modified":"2026-04-28T17:13:42","modified_gmt":"2026-04-28T17:13:42","slug":"filtr-eu7-do-samsung-erv-800-1000-515x290x10-zamiennik-db63-01665g","status":"publish","type":"product","link":"https:\/\/profitstore.pl\/index.php\/produkt\/filtr-eu7-do-samsung-erv-800-1000-515x290x10-zamiennik-db63-01665g\/","title":{"rendered":"Filtr EU7 do  SAMSUNG ERV 800\/1000 (515x290x10) zamiennik DB63-01665G"},"content":{"rendered":"<p>Filtr\u00a0jest zamiennikiem. Nazwy urz\u0105dze\u0144, cz\u0119\u015bci i marek zosta\u0142y u\u017cyte w celu identyfikacji produktu.<\/p>\n<p>Poni\u017cej przedstawiamy sprzedawany produkt:<\/p>\n<p><img src=\"https:\/\/pureventfilters.eu\/4931-large_default\/filtr-eu7-do-samsung-erv-8001000-515x290x10-zamiennik-db63-01665g.jpg\" alt=\"Filtr EU7 do  SAMSUNG ERV 800\/1000 (515x290x10) zamiennik DB63-01665G\" \/><\/p>\n","protected":false},"excerpt":{"rendered":"<p>Filtr\u00a0jest zamiennikiem. Nazwy urz\u0105dze\u0144, cz\u0119\u015bci i marek zosta\u0142y u\u017cyte w celu identyfikacji produktu. Poni\u017cej przedstawiamy sprzedawany produkt:<\/p>\n","protected":false},"featured_media":111472,"template":"","meta":[],"_links":{"self":[{"href":"https:\/\/profitstore.pl\/index.php\/wp-json\/wp\/v2\/product\/102044"}],"collection":[{"href":"https:\/\/profitstore.pl\/index.php\/wp-json\/wp\/v2\/product"}],"about":[{"href":"https:\/\/profitstore.pl\/index.php\/wp-json\/wp\/v2\/types\/product"}],"wp:featuredmedia":[{"embeddable":true,"href":"https:\/\/profitstore.pl\/index.php\/wp-json\/wp\/v2\/media\/111472"}],"wp:attachment":[{"href":"https:\/\/profitstore.pl\/index.php\/wp-json\/wp\/v2\/media?parent=102044"}],"curies":[{"name":"wp","href":"https:\/\/api.w.org\/{rel}","templated":true}]}}