{"id":102042,"date":"2026-05-01T07:15:13","date_gmt":"2026-05-01T07:15:13","guid":{"rendered":"https:\/\/profitstore.pl\/index.php\/produkt\/filtr-eu7-do-samsung-erv-350-500-453x220x10-zamiennik-db63-01665f\/"},"modified":"2026-05-01T07:15:14","modified_gmt":"2026-05-01T07:15:14","slug":"filtr-eu7-do-samsung-erv-350-500-453x220x10-zamiennik-db63-01665f","status":"publish","type":"product","link":"https:\/\/profitstore.pl\/index.php\/produkt\/filtr-eu7-do-samsung-erv-350-500-453x220x10-zamiennik-db63-01665f\/","title":{"rendered":"Filtr EU7 do SAMSUNG ERV 350\/500 (453x220x10) zamiennik DB63-01665F"},"content":{"rendered":"<p>Filtr\u00a0jest zamiennikiem. Nazwy urz\u0105dze\u0144, cz\u0119\u015bci i marek zosta\u0142y u\u017cyte w celu identyfikacji produktu.<\/p>\n<p>Poni\u017cej przedstawiamy sprzedawany produkt:<\/p>\n<p><img src=\"https:\/\/pureventfilters.eu\/4930-large_default\/filtr-eu7-do-samsung-erv-350500-453x220x10-zamiennik-db63-01665f.jpg\" alt=\"Filtr EU7 do SAMSUNG ERV 350\/500 (453x220x10) zamiennik DB63-01665F\" \/><\/p>\n","protected":false},"excerpt":{"rendered":"<p>Filtr\u00a0jest zamiennikiem. Nazwy urz\u0105dze\u0144, cz\u0119\u015bci i marek zosta\u0142y u\u017cyte w celu identyfikacji produktu. Poni\u017cej przedstawiamy sprzedawany produkt:<\/p>\n","protected":false},"featured_media":111441,"template":"","meta":[],"_links":{"self":[{"href":"https:\/\/profitstore.pl\/index.php\/wp-json\/wp\/v2\/product\/102042"}],"collection":[{"href":"https:\/\/profitstore.pl\/index.php\/wp-json\/wp\/v2\/product"}],"about":[{"href":"https:\/\/profitstore.pl\/index.php\/wp-json\/wp\/v2\/types\/product"}],"wp:featuredmedia":[{"embeddable":true,"href":"https:\/\/profitstore.pl\/index.php\/wp-json\/wp\/v2\/media\/111441"}],"wp:attachment":[{"href":"https:\/\/profitstore.pl\/index.php\/wp-json\/wp\/v2\/media?parent=102042"}],"curies":[{"name":"wp","href":"https:\/\/api.w.org\/{rel}","templated":true}]}}