{"id":102038,"date":"2026-04-20T07:21:31","date_gmt":"2026-04-20T07:21:31","guid":{"rendered":"https:\/\/profitstore.pl\/index.php\/produkt\/filtr-eu5-do-klimor-evo-600x350x300\/"},"modified":"2026-04-20T07:21:32","modified_gmt":"2026-04-20T07:21:32","slug":"filtr-eu5-do-klimor-evo-600x350x300","status":"publish","type":"product","link":"https:\/\/profitstore.pl\/index.php\/produkt\/filtr-eu5-do-klimor-evo-600x350x300\/","title":{"rendered":"Filtr EU5 do KLIMOR EVO (600x350x300)"},"content":{"rendered":"<p>* przedstawione zdj\u0119cie ma jedynie charakter pogl\u0105dowy Prowadzimy r\u00f3wnie\u017c sprzeda\u017c filtr\u00f3w na zam\u00f3wienie o dowolnym rozmiarze. Filtr\u00a0jest zamiennikiem. Nazwy urz\u0105dze\u0144, cz\u0119\u015bci i marek zosta\u0142y u\u017cyte w celu identyfikacji produktu.<\/p>\n<p>Poni\u017cej przedstawiamy sprzedawany produkt:<\/p>\n<p><img src=\"https:\/\/pureventfilters.eu\/4928-large_default\/filtr-eu5-do-klimor-evo-600x350x300.jpg\" alt=\"Filtr EU5 do KLIMOR EVO (600x350x300)\" \/><\/p>\n","protected":false},"excerpt":{"rendered":"<p>* przedstawione zdj\u0119cie ma jedynie charakter pogl\u0105dowy Prowadzimy r\u00f3wnie\u017c sprzeda\u017c filtr\u00f3w na zam\u00f3wienie o dowolnym rozmiarze. Filtr\u00a0jest zamiennikiem. Nazwy urz\u0105dze\u0144, cz\u0119\u015bci i marek zosta\u0142y u\u017cyte w celu identyfikacji produktu. Poni\u017cej przedstawiamy sprzedawany produkt:<\/p>\n","protected":false},"featured_media":111399,"template":"","meta":[],"_links":{"self":[{"href":"https:\/\/profitstore.pl\/index.php\/wp-json\/wp\/v2\/product\/102038"}],"collection":[{"href":"https:\/\/profitstore.pl\/index.php\/wp-json\/wp\/v2\/product"}],"about":[{"href":"https:\/\/profitstore.pl\/index.php\/wp-json\/wp\/v2\/types\/product"}],"wp:featuredmedia":[{"embeddable":true,"href":"https:\/\/profitstore.pl\/index.php\/wp-json\/wp\/v2\/media\/111399"}],"wp:attachment":[{"href":"https:\/\/profitstore.pl\/index.php\/wp-json\/wp\/v2\/media?parent=102038"}],"curies":[{"name":"wp","href":"https:\/\/api.w.org\/{rel}","templated":true}]}}