{"id":101978,"date":"2026-04-20T07:06:40","date_gmt":"2026-04-20T07:06:40","guid":{"rendered":"https:\/\/profitstore.pl\/index.php\/produkt\/wklad-eu5-do-filtra-domekt-r-700-f-360x320x44\/"},"modified":"2026-04-20T07:06:41","modified_gmt":"2026-04-20T07:06:41","slug":"wklad-eu5-do-filtra-domekt-r-700-f-360x320x44","status":"publish","type":"product","link":"https:\/\/profitstore.pl\/index.php\/produkt\/wklad-eu5-do-filtra-domekt-r-700-f-360x320x44\/","title":{"rendered":"Wk\u0142ad EU5 do filtra DOMEKT R 700 F (360x320x44)"},"content":{"rendered":"<p>Wk\u0142ady do filtr\u00f3w kasetowych klasy F5\/EU5 pasuj\u0105cych do filtr\u00f3w z centrali wentylacyjnej\u00a0 KOMFOVENT KOMPAKT REGO R 700 F\u00a0<\/p>\n<p>Poni\u017cej przedstawiamy sprzedawany produkt:<\/p>\n<p><img src=\"https:\/\/pureventfilters.eu\/4927-large_default\/wklad-eu5-do-filtra-domekt-r-700-f-360x320x44.jpg\" alt=\"Wk\u0142ad EU5 do filtra DOMEKT R 700 F (360x320x44)\" \/><\/p>\n","protected":false},"excerpt":{"rendered":"<p>Wk\u0142ady do filtr\u00f3w kasetowych klasy F5\/EU5 pasuj\u0105cych do filtr\u00f3w z centrali wentylacyjnej\u00a0 KOMFOVENT KOMPAKT REGO R 700 F\u00a0 Poni\u017cej przedstawiamy sprzedawany produkt:<\/p>\n","protected":false},"featured_media":111320,"template":"","meta":[],"_links":{"self":[{"href":"https:\/\/profitstore.pl\/index.php\/wp-json\/wp\/v2\/product\/101978"}],"collection":[{"href":"https:\/\/profitstore.pl\/index.php\/wp-json\/wp\/v2\/product"}],"about":[{"href":"https:\/\/profitstore.pl\/index.php\/wp-json\/wp\/v2\/types\/product"}],"wp:featuredmedia":[{"embeddable":true,"href":"https:\/\/profitstore.pl\/index.php\/wp-json\/wp\/v2\/media\/111320"}],"wp:attachment":[{"href":"https:\/\/profitstore.pl\/index.php\/wp-json\/wp\/v2\/media?parent=101978"}],"curies":[{"name":"wp","href":"https:\/\/api.w.org\/{rel}","templated":true}]}}