{"id":101858,"date":"2026-05-05T17:01:23","date_gmt":"2026-05-05T17:01:23","guid":{"rendered":"https:\/\/profitstore.pl\/index.php\/produkt\/filtr-eu7-do-pro-vent-mistral-pro-700-ec-525x285x19-epm1-70\/"},"modified":"2026-05-05T17:01:24","modified_gmt":"2026-05-05T17:01:24","slug":"filtr-eu7-do-pro-vent-mistral-pro-700-ec-525x285x19-epm1-70","status":"publish","type":"product","link":"https:\/\/profitstore.pl\/index.php\/produkt\/filtr-eu7-do-pro-vent-mistral-pro-700-ec-525x285x19-epm1-70\/","title":{"rendered":"Filtr EU7 do PRO-VENT MISTRAL PRO 700 EC (525x285x19) ePM1 70%"},"content":{"rendered":"<p>Filtr\u00a0 kasetowy \u00a0klasy\u00a0 F7 \/EU7\/ePM1 70%\u00a0 pasuj\u0105cych do central wentylacyjnych\u00a0 PRO-VENT MISTRAL 700 PRO EC Filtry s\u0105 zamiennikami, nazwy producent\u00f3w i marek zosta\u0142y u\u017cyte w celu identyfikacji produktu. * przedstawione zdj\u0119cie filtra jest jedynie zdj\u0119ciem pogl\u0105dowym.<\/p>\n<p>Poni\u017cej przedstawiamy sprzedawany produkt:<\/p>\n<p><img src=\"https:\/\/pureventfilters.eu\/4896-large_default\/filtr-eu7-do-pro-vent-mistral-pro-700-ec-525x285x19-epm1-70.jpg\" alt=\"Filtr EU7 do PRO-VENT MISTRAL PRO 700 EC (525x285x19) ePM1 70%\" \/><\/p>\n","protected":false},"excerpt":{"rendered":"<p>Filtr\u00a0 kasetowy \u00a0klasy\u00a0 F7 \/EU7\/ePM1 70%\u00a0 pasuj\u0105cych do central wentylacyjnych\u00a0 PRO-VENT MISTRAL 700 PRO EC Filtry s\u0105 zamiennikami, nazwy producent\u00f3w i marek zosta\u0142y u\u017cyte w celu identyfikacji produktu. * przedstawione zdj\u0119cie filtra jest jedynie zdj\u0119ciem pogl\u0105dowym. Poni\u017cej przedstawiamy sprzedawany produkt:<\/p>\n","protected":false},"featured_media":111456,"template":"","meta":[],"_links":{"self":[{"href":"https:\/\/profitstore.pl\/index.php\/wp-json\/wp\/v2\/product\/101858"}],"collection":[{"href":"https:\/\/profitstore.pl\/index.php\/wp-json\/wp\/v2\/product"}],"about":[{"href":"https:\/\/profitstore.pl\/index.php\/wp-json\/wp\/v2\/types\/product"}],"wp:featuredmedia":[{"embeddable":true,"href":"https:\/\/profitstore.pl\/index.php\/wp-json\/wp\/v2\/media\/111456"}],"wp:attachment":[{"href":"https:\/\/profitstore.pl\/index.php\/wp-json\/wp\/v2\/media?parent=101858"}],"curies":[{"name":"wp","href":"https:\/\/api.w.org\/{rel}","templated":true}]}}