{"id":101855,"date":"2026-04-29T17:18:31","date_gmt":"2026-04-29T17:18:31","guid":{"rendered":"https:\/\/profitstore.pl\/index.php\/produkt\/filtr-antysmogowy-epm10-55-do-wanas-415-450x210x40-2\/"},"modified":"2026-04-29T17:18:32","modified_gmt":"2026-04-29T17:18:32","slug":"filtr-antysmogowy-epm10-55-do-wanas-415-450x210x40-2","status":"publish","type":"product","link":"https:\/\/profitstore.pl\/index.php\/produkt\/filtr-antysmogowy-epm10-55-do-wanas-415-450x210x40-2\/","title":{"rendered":"Filtr antysmogowy ePM10 55% do WANAS 415 (450x210x40)"},"content":{"rendered":"<p>Filtr\u00a0 kasetowy\u00a0 o wymiarach\u00a0 450x210x40 \u00a0o skuteczno\u015bci\u00a0 ePM10 55% \u00a0pasuj\u0105cych do\u00a0rekuperator\u00f3w\u00a0 WANAS 415. Filtr do oczyszczania powietrza pobieranego z zewn\u0105trz budynku Filtry s\u0105 zamiennikami, nazwy producent\u00f3w i marek zosta\u0142y u\u017cyte w celu identyfikacji produktu.<\/p>\n<p>Poni\u017cej przedstawiamy sprzedawany produkt:<\/p>\n<p><img src=\"https:\/\/pureventfilters.eu\/4812-large_default\/filtr-antysmogowy-epm10-55-do-wanas-415-450x210x40.jpg\" alt=\"Filtr antysmogowy ePM10 55% do WANAS 415 (450x210x40)\" \/><\/p>\n","protected":false},"excerpt":{"rendered":"<p>Filtr\u00a0 kasetowy\u00a0 o wymiarach\u00a0 450x210x40 \u00a0o skuteczno\u015bci\u00a0 ePM10 55% \u00a0pasuj\u0105cych do\u00a0rekuperator\u00f3w\u00a0 WANAS 415. Filtr do oczyszczania powietrza pobieranego z zewn\u0105trz budynku Filtry s\u0105 zamiennikami, nazwy producent\u00f3w i marek zosta\u0142y u\u017cyte w celu identyfikacji produktu. Poni\u017cej przedstawiamy sprzedawany produkt:<\/p>\n","protected":false},"featured_media":93429,"template":"","meta":[],"_links":{"self":[{"href":"https:\/\/profitstore.pl\/index.php\/wp-json\/wp\/v2\/product\/101855"}],"collection":[{"href":"https:\/\/profitstore.pl\/index.php\/wp-json\/wp\/v2\/product"}],"about":[{"href":"https:\/\/profitstore.pl\/index.php\/wp-json\/wp\/v2\/types\/product"}],"wp:featuredmedia":[{"embeddable":true,"href":"https:\/\/profitstore.pl\/index.php\/wp-json\/wp\/v2\/media\/93429"}],"wp:attachment":[{"href":"https:\/\/profitstore.pl\/index.php\/wp-json\/wp\/v2\/media?parent=101855"}],"curies":[{"name":"wp","href":"https:\/\/api.w.org\/{rel}","templated":true}]}}