{"id":101535,"date":"2026-04-29T07:18:55","date_gmt":"2026-04-29T07:18:55","guid":{"rendered":"https:\/\/profitstore.pl\/index.php\/produkt\/filtr-eu7-do-flexit-s4r-s6r-s7r-468x200x70-epm1-70\/"},"modified":"2026-04-29T07:18:56","modified_gmt":"2026-04-29T07:18:56","slug":"filtr-eu7-do-flexit-s4r-s6r-s7r-468x200x70-epm1-70","status":"publish","type":"product","link":"https:\/\/profitstore.pl\/index.php\/produkt\/filtr-eu7-do-flexit-s4r-s6r-s7r-468x200x70-epm1-70\/","title":{"rendered":"Filtr EU7 do FLEXIT S4R\/S6R\/S7R (468x200x70) ePM1 70%"},"content":{"rendered":"<p>Filtry s\u0105 zamiennikami, nazwy producent\u00f3w i marek zosta\u0142y u\u017cyte w celu identyfikacji produktu. * przedstawione zdj\u0119cie filtra jest jedynie zdj\u0119ciem pogl\u0105dowym.<\/p>\n<p>Poni\u017cej przedstawiamy sprzedawany produkt:<\/p>\n<p><img src=\"https:\/\/pureventfilters.eu\/4892-large_default\/filtr-eu7-do-flexit-s4rs6rs7r-468x200x70-epm1-70.jpg\" alt=\"Filtr EU7 do FLEXIT S4R\/S6R\/S7R (468x200x70) ePM1 70%\" \/><\/p>\n","protected":false},"excerpt":{"rendered":"<p>Filtry s\u0105 zamiennikami, nazwy producent\u00f3w i marek zosta\u0142y u\u017cyte w celu identyfikacji produktu. * przedstawione zdj\u0119cie filtra jest jedynie zdj\u0119ciem pogl\u0105dowym. Poni\u017cej przedstawiamy sprzedawany produkt:<\/p>\n","protected":false},"featured_media":111461,"template":"","meta":[],"_links":{"self":[{"href":"https:\/\/profitstore.pl\/index.php\/wp-json\/wp\/v2\/product\/101535"}],"collection":[{"href":"https:\/\/profitstore.pl\/index.php\/wp-json\/wp\/v2\/product"}],"about":[{"href":"https:\/\/profitstore.pl\/index.php\/wp-json\/wp\/v2\/types\/product"}],"wp:featuredmedia":[{"embeddable":true,"href":"https:\/\/profitstore.pl\/index.php\/wp-json\/wp\/v2\/media\/111461"}],"wp:attachment":[{"href":"https:\/\/profitstore.pl\/index.php\/wp-json\/wp\/v2\/media?parent=101535"}],"curies":[{"name":"wp","href":"https:\/\/api.w.org\/{rel}","templated":true}]}}