{"id":101514,"date":"2026-04-29T07:18:48","date_gmt":"2026-04-29T07:18:48","guid":{"rendered":"https:\/\/profitstore.pl\/index.php\/produkt\/filtr-eu7-do-pro-vent-mistral-p800-ec-515x320x19-epm1-70\/"},"modified":"2026-04-29T07:18:50","modified_gmt":"2026-04-29T07:18:50","slug":"filtr-eu7-do-pro-vent-mistral-p800-ec-515x320x19-epm1-70","status":"publish","type":"product","link":"https:\/\/profitstore.pl\/index.php\/produkt\/filtr-eu7-do-pro-vent-mistral-p800-ec-515x320x19-epm1-70\/","title":{"rendered":"Filtr EU7 do PRO-VENT MISTRAL P800 EC (515x320x19) ePM1 70%"},"content":{"rendered":"<p>Filtr\u00a0 kasetowy \u00a0klasy\u00a0 F7\/EU7 \/ePM1 70% \u00a0pasuj\u0105cych do central wentylacyjnych\u00a0 PRO-VENT MISTRAL\u00a0P 800 EC Filtry s\u0105 zamiennikami, nazwy producent\u00f3w i marek zosta\u0142y u\u017cyte w celu identyfikacji produktu. * przedstawione zdj\u0119cie filtra jest jedynie zdj\u0119ciem pogl\u0105dowym.<\/p>\n<p>Poni\u017cej przedstawiamy sprzedawany produkt:<\/p>\n<p><img src=\"https:\/\/pureventfilters.eu\/4894-large_default\/filtr-eu7-do-pro-vent-mistral-p800-ec-515x320x19-epm1-70.jpg\" alt=\"Filtr EU7 do PRO-VENT MISTRAL P800 EC (515x320x19) ePM1 70%\" \/><\/p>\n","protected":false},"excerpt":{"rendered":"<p>Filtr\u00a0 kasetowy \u00a0klasy\u00a0 F7\/EU7 \/ePM1 70% \u00a0pasuj\u0105cych do central wentylacyjnych\u00a0 PRO-VENT MISTRAL\u00a0P 800 EC Filtry s\u0105 zamiennikami, nazwy producent\u00f3w i marek zosta\u0142y u\u017cyte w celu identyfikacji produktu. * przedstawione zdj\u0119cie filtra jest jedynie zdj\u0119ciem pogl\u0105dowym. Poni\u017cej przedstawiamy sprzedawany produkt:<\/p>\n","protected":false},"featured_media":111450,"template":"","meta":[],"_links":{"self":[{"href":"https:\/\/profitstore.pl\/index.php\/wp-json\/wp\/v2\/product\/101514"}],"collection":[{"href":"https:\/\/profitstore.pl\/index.php\/wp-json\/wp\/v2\/product"}],"about":[{"href":"https:\/\/profitstore.pl\/index.php\/wp-json\/wp\/v2\/types\/product"}],"wp:featuredmedia":[{"embeddable":true,"href":"https:\/\/profitstore.pl\/index.php\/wp-json\/wp\/v2\/media\/111450"}],"wp:attachment":[{"href":"https:\/\/profitstore.pl\/index.php\/wp-json\/wp\/v2\/media?parent=101514"}],"curies":[{"name":"wp","href":"https:\/\/api.w.org\/{rel}","templated":true}]}}