{"id":101355,"date":"2026-05-01T07:15:15","date_gmt":"2026-05-01T07:15:15","guid":{"rendered":"https:\/\/profitstore.pl\/index.php\/produkt\/filtr-eu5-do-systemair-vr-700-ev-dcv-200x429x515\/"},"modified":"2026-05-01T07:15:15","modified_gmt":"2026-05-01T07:15:15","slug":"filtr-eu5-do-systemair-vr-700-ev-dcv-200x429x515","status":"publish","type":"product","link":"https:\/\/profitstore.pl\/index.php\/produkt\/filtr-eu5-do-systemair-vr-700-ev-dcv-200x429x515\/","title":{"rendered":"Filtr EU5 do SYSTEMAIR VR 700 EV\/DCV (200x429x515)"},"content":{"rendered":"<p>Filtr\u00a0 kieszeniowy klasy EU5\/M5 \u00a0o wymiarach\u00a0 200x429x515 \u00a0mm pasuj\u0105cy do central\u00a0 SYSTEMAIR VR 700 EV, DCV. Filtry s\u0105 zamiennikami, nazwy producent\u00f3w i marek zosta\u0142y u\u017cyte w celu identyfikacji produktu.<\/p>\n<p>Poni\u017cej przedstawiamy sprzedawany produkt:<\/p>\n<p><img src=\"https:\/\/pureventfilters.eu\/4888-large_default\/filtr-eu5-do-systemair-vr-700-evdcv-200x429x515.jpg\" alt=\"Filtr EU5 do SYSTEMAIR VR 700 EV\/DCV (200x429x515)\" \/><\/p>\n","protected":false},"excerpt":{"rendered":"<p>Filtr\u00a0 kieszeniowy klasy EU5\/M5 \u00a0o wymiarach\u00a0 200x429x515 \u00a0mm pasuj\u0105cy do central\u00a0 SYSTEMAIR VR 700 EV, DCV. Filtry s\u0105 zamiennikami, nazwy producent\u00f3w i marek zosta\u0142y u\u017cyte w celu identyfikacji produktu. Poni\u017cej przedstawiamy sprzedawany produkt:<\/p>\n","protected":false},"featured_media":101356,"template":"","meta":[],"_links":{"self":[{"href":"https:\/\/profitstore.pl\/index.php\/wp-json\/wp\/v2\/product\/101355"}],"collection":[{"href":"https:\/\/profitstore.pl\/index.php\/wp-json\/wp\/v2\/product"}],"about":[{"href":"https:\/\/profitstore.pl\/index.php\/wp-json\/wp\/v2\/types\/product"}],"wp:featuredmedia":[{"embeddable":true,"href":"https:\/\/profitstore.pl\/index.php\/wp-json\/wp\/v2\/media\/101356"}],"wp:attachment":[{"href":"https:\/\/profitstore.pl\/index.php\/wp-json\/wp\/v2\/media?parent=101355"}],"curies":[{"name":"wp","href":"https:\/\/api.w.org\/{rel}","templated":true}]}}