{"id":101338,"date":"2026-04-19T07:18:30","date_gmt":"2026-04-19T07:18:30","guid":{"rendered":"https:\/\/profitstore.pl\/index.php\/produkt\/wklad-eu5-do-filtrow-komfovent-domekt-rego-200-v-285x130x44\/"},"modified":"2026-04-19T07:18:31","modified_gmt":"2026-04-19T07:18:31","slug":"wklad-eu5-do-filtrow-komfovent-domekt-rego-200-v-285x130x44","status":"publish","type":"product","link":"https:\/\/profitstore.pl\/index.php\/produkt\/wklad-eu5-do-filtrow-komfovent-domekt-rego-200-v-285x130x44\/","title":{"rendered":"WK\u0141AD EU5 do filtr\u00f3w KOMFOVENT DOMEKT REGO 200 V (285x130x44)"},"content":{"rendered":"<p>Wk\u0142ad klasy\u00a0M5\/EU5 o skuteczno\u015bci ePM10 55% pasuj\u0105cy do filtr\u00f3w kasetowych, do centrali wentylacyjnej\u00a0 KOMFOVENT DOMEKT REGO 200 V.\u00a0<\/p>\n<p>Poni\u017cej przedstawiamy sprzedawany produkt:<\/p>\n<p><img src=\"https:\/\/pureventfilters.eu\/4887-large_default\/wklad-eu5-do-filtrow-komfovent-domekt-rego-200-v-285x130x44.jpg\" alt=\"WK\u0141AD EU5 do filtr\u00f3w KOMFOVENT DOMEKT REGO 200 V (285x130x44)\" \/><\/p>\n","protected":false},"excerpt":{"rendered":"<p>Wk\u0142ad klasy\u00a0M5\/EU5 o skuteczno\u015bci ePM10 55% pasuj\u0105cy do filtr\u00f3w kasetowych, do centrali wentylacyjnej\u00a0 KOMFOVENT DOMEKT REGO 200 V.\u00a0 Poni\u017cej przedstawiamy sprzedawany produkt:<\/p>\n","protected":false},"featured_media":101339,"template":"","meta":[],"_links":{"self":[{"href":"https:\/\/profitstore.pl\/index.php\/wp-json\/wp\/v2\/product\/101338"}],"collection":[{"href":"https:\/\/profitstore.pl\/index.php\/wp-json\/wp\/v2\/product"}],"about":[{"href":"https:\/\/profitstore.pl\/index.php\/wp-json\/wp\/v2\/types\/product"}],"wp:featuredmedia":[{"embeddable":true,"href":"https:\/\/profitstore.pl\/index.php\/wp-json\/wp\/v2\/media\/101339"}],"wp:attachment":[{"href":"https:\/\/profitstore.pl\/index.php\/wp-json\/wp\/v2\/media?parent=101338"}],"curies":[{"name":"wp","href":"https:\/\/api.w.org\/{rel}","templated":true}]}}