{"id":95507,"date":"2023-03-24T11:04:13","date_gmt":"2023-03-24T11:04:13","guid":{"rendered":"https:\/\/profitstore.pl\/?page_id=95507"},"modified":"2023-03-24T11:04:15","modified_gmt":"2023-03-24T11:04:15","slug":"paka-jezdziecka","status":"publish","type":"page","link":"https:\/\/profitstore.pl\/index.php\/paka-jezdziecka\/","title":{"rendered":"Paka je\u017adziecka"},"content":{"rendered":"\n<p><strong>Paka je\u017adziecka<\/strong><\/p>\n\n\n\n<p><strong>Paka je\u017adziecka<\/strong> to niezwykle wa\u017cny element wyposa\u017cenia ka\u017cdego konia i je\u017ad\u017aca. Sk\u0142ada si\u0119 z kilku element\u00f3w, takich jak siod\u0142o, uprz\u0105\u017c, og\u0142owie, czyli wszystko to, co niezb\u0119dne do bezpiecznej i wygodnej jazdy.  Ma za zadanie zapewni\u0107 koniowi odpowiednie wsparcie i ochron\u0119 podczas jazdy, a jednocze\u015bnie umo\u017cliwi\u0107 mu swobodny ruch. Dlatego te\u017c wyb\u00f3r odpowiedniego zestawu paki je\u017adzieckiej jest niezwykle wa\u017cny.<\/p>\n\n\n\n<p>Je\u015bli szukasz wysokiej jako\u015bci<strong> paki je\u017adzieckiej<\/strong>, warto zwr\u00f3ci\u0107 uwag\u0119 na kilka kwestii. Przede wszystkim, powinna by\u0107 ona wykonana z solidnych i trwa\u0142ych materia\u0142\u00f3w, kt\u00f3re zapewni\u0105 bezpiecze\u0144stwo podczas jazdy. Wa\u017cne s\u0105 tak\u017ce odpowiednie rozmiary i dopasowanie do konia, aby zapewni\u0107 mu maksymalny komfort. Wybieraj\u0105c pak\u0119, warto zwr\u00f3ci\u0107 uwag\u0119 na renomowanych producent\u00f3w, kt\u00f3rzy oferuj\u0105 wysokiej jako\u015bci produkty. Dzi\u0119ki temu b\u0119dziesz mia\u0142 pewno\u015b\u0107, \u017ce Tw\u00f3j ko\u0144 b\u0119dzie mia\u0142 najlepsze wyposa\u017cenie, a Ty b\u0119dziesz m\u00f3g\u0142 cieszy\u0107 si\u0119 bezpieczn\u0105 i komfortow\u0105 jazd\u0105.<\/p>\n\n\n\n<p><strong>Paka je\u017adziecka<\/strong> jest niezwykle wa\u017cnym elementem wyposa\u017cenia ka\u017cdego konia i je\u017ad\u017aca. Wybieraj\u0105c odpowiedni\u0105 paka, warto zwr\u00f3ci\u0107 uwag\u0119 na jako\u015b\u0107 materia\u0142\u00f3w i dopasowanie do konia, aby zapewni\u0107 mu maksymalny komfort i bezpiecze\u0144stwo podczas jazdy.<\/p>\n\n\n\n<p class=\"has-text-align-center\"><strong>Serdecznie zapraszamy do zapoznania si\u0119 z nasz\u0105 ofert\u0105 i do kontaktu.<\/strong><\/p>\n\n\n\n<p><\/p>\n\n\n<div role=\"form\" class=\"wpcf7\" id=\"wpcf7-f23022-o1\" lang=\"pl-PL\" dir=\"ltr\">\n<div class=\"screen-reader-response\" aria-live=\"polite\"><\/div>\n<form action=\"\/index.php\/wp-json\/wp\/v2\/pages\/95507#wpcf7-f23022-o1\" method=\"post\" class=\"wpcf7-form\" novalidate=\"novalidate\">\n<div style=\"display: none;\">\n<input type=\"hidden\" name=\"_wpcf7\" value=\"23022\" \/>\n<input type=\"hidden\" name=\"_wpcf7_version\" value=\"5.1.9\" \/>\n<input type=\"hidden\" name=\"_wpcf7_locale\" value=\"pl_PL\" \/>\n<input type=\"hidden\" name=\"_wpcf7_unit_tag\" value=\"wpcf7-f23022-o1\" \/>\n<input type=\"hidden\" name=\"_wpcf7_container_post\" value=\"0\" \/>\n<input type=\"hidden\" name=\"g-recaptcha-response\" value=\"\" \/>\n<\/div>\n<p>W razie jakichkolwiek pyta\u0144 dotycz\u0105cych produkt\u00f3w, prosimy o kontakt za po\u015brednictwem poni\u017cszego formularza.<\/p>\n<p><label> Tw\u00f3j email (wymagane)<br \/>\n    <span class=\"wpcf7-form-control-wrap your-email\"><input type=\"email\" name=\"your-email\" value=\"\" size=\"40\" class=\"wpcf7-form-control wpcf7-text wpcf7-email wpcf7-validates-as-required wpcf7-validates-as-email\" aria-required=\"true\" aria-invalid=\"false\" \/><\/span> <\/label><\/p>\n<p><label> Tre\u015b\u0107 wiadomo\u015bci<br \/>\n    <span class=\"wpcf7-form-control-wrap your-message\"><textarea name=\"your-message\" cols=\"40\" rows=\"10\" class=\"wpcf7-form-control wpcf7-textarea\" aria-invalid=\"false\"><\/textarea><\/span> <\/label><\/p>\n<p><input type=\"submit\" value=\"Wy\u015blij\" class=\"wpcf7-form-control wpcf7-submit\" \/><\/p>\n<p><span class=\"wpcf7-form-control-wrap RODO\"><span class=\"wpcf7-form-control wpcf7-acceptance optional\"><span class=\"wpcf7-list-item\"><input type=\"checkbox\" name=\"RODO\" value=\"1\" aria-invalid=\"false\" \/><\/span><\/span><\/span> <label>Korzystaj\u0105c z formularza, podajesz dobrowolnie swoje dane osobowe, zgadzasz si\u0119 na przechowywanie i przetwarzanie Twoich danych przez Todos Bien S.C., NIP: 586-235-66-54, Gdynia 81-572, ul. Lipowa 16b\/6, co jest niezb\u0119dne do udzielenia odpowiedzi na Twoje zapytanie. W ka\u017cdym czasie masz prawo do cofni\u0119cia zgody na przetwarzanie Twoich danych. <\/label><\/p>\n<div class=\"wpcf7-response-output wpcf7-display-none\" aria-hidden=\"true\"><\/div><\/form><\/div>\n\n\n\n<p><\/p>\n","protected":false},"excerpt":{"rendered":"<p>Paka je\u017adziecka Paka je\u017adziecka to niezwykle wa\u017cny element wyposa\u017cenia ka\u017cdego konia i je\u017ad\u017aca. Sk\u0142ada si\u0119 z kilku element\u00f3w, takich jak siod\u0142o, uprz\u0105\u017c, og\u0142owie, czyli wszystko to, co niezb\u0119dne do bezpiecznej i wygodnej jazdy. Ma za zadanie zapewni\u0107 koniowi odpowiednie wsparcie i ochron\u0119 podczas jazdy, a jednocze\u015bnie umo\u017cliwi\u0107 mu swobodny ruch. Dlatego te\u017c wyb\u00f3r odpowiedniego zestawu [&hellip;]<\/p>\n","protected":false},"author":5,"featured_media":0,"parent":0,"menu_order":0,"comment_status":"closed","ping_status":"closed","template":"","meta":[],"_links":{"self":[{"href":"https:\/\/profitstore.pl\/index.php\/wp-json\/wp\/v2\/pages\/95507"}],"collection":[{"href":"https:\/\/profitstore.pl\/index.php\/wp-json\/wp\/v2\/pages"}],"about":[{"href":"https:\/\/profitstore.pl\/index.php\/wp-json\/wp\/v2\/types\/page"}],"author":[{"embeddable":true,"href":"https:\/\/profitstore.pl\/index.php\/wp-json\/wp\/v2\/users\/5"}],"replies":[{"embeddable":true,"href":"https:\/\/profitstore.pl\/index.php\/wp-json\/wp\/v2\/comments?post=95507"}],"version-history":[{"count":1,"href":"https:\/\/profitstore.pl\/index.php\/wp-json\/wp\/v2\/pages\/95507\/revisions"}],"predecessor-version":[{"id":95508,"href":"https:\/\/profitstore.pl\/index.php\/wp-json\/wp\/v2\/pages\/95507\/revisions\/95508"}],"wp:attachment":[{"href":"https:\/\/profitstore.pl\/index.php\/wp-json\/wp\/v2\/media?parent=95507"}],"curies":[{"name":"wp","href":"https:\/\/api.w.org\/{rel}","templated":true}]}}