{"id":16287,"date":"2019-09-04T13:44:00","date_gmt":"2019-09-04T13:44:00","guid":{"rendered":"https:\/\/profitstore.pl\/?page_id=16287"},"modified":"2019-09-04T13:44:00","modified_gmt":"2019-09-04T13:44:00","slug":"sklep-2","status":"publish","type":"page","link":"https:\/\/profitstore.pl\/index.php\/sklep-2\/","title":{"rendered":"Sklep"},"content":{"rendered":"\n<p>Sklep Profitstore posiada szerok\u0105 r\u00f3\u017cnorodno\u015b\u0107 produktow\u0105. W naszym sklepie mo\u017cesz znale\u017a\u0107 produkty <\/p>\n\n\n\n<div class=\"wp-block-columns has-2-columns\">\n<div class=\"wp-block-column\">\n<div class=\"wp-block-image\"><figure class=\"aligncenter\"><img src=\"https:\/\/profitstore.pl\/wp-content\/uploads\/2019\/08\/parloy1-1024x770.jpg\" alt=\"\" class=\"wp-image-11274\"\/><\/figure><\/div>\n\n\n\n<figure class=\"wp-block-image\"><img src=\"https:\/\/profitstore.pl\/wp-content\/uploads\/2019\/08\/parloy1-1024x770.jpg\" alt=\"\" class=\"wp-image-11274\"\/><\/figure>\n<\/div>\n\n\n\n<div class=\"wp-block-column\">\n<div class=\"wp-block-image\"><figure class=\"aligncenter\"><img src=\"https:\/\/profitstore.pl\/wp-content\/uploads\/2019\/08\/parloy1-1024x770.jpg\" alt=\"\" class=\"wp-image-11274\"\/><\/figure><\/div>\n\n\n\n<figure class=\"wp-block-image\"><img src=\"https:\/\/profitstore.pl\/wp-content\/uploads\/2019\/08\/parloy1-1024x770.jpg\" alt=\"\" class=\"wp-image-11274\"\/><\/figure>\n<\/div>\n<\/div>\n","protected":false},"excerpt":{"rendered":"<p>Sklep Profitstore posiada szerok\u0105 r\u00f3\u017cnorodno\u015b\u0107 produktow\u0105. W naszym sklepie mo\u017cesz znale\u017a\u0107 produkty<\/p>\n","protected":false},"author":5,"featured_media":0,"parent":0,"menu_order":0,"comment_status":"closed","ping_status":"closed","template":"","meta":[],"_links":{"self":[{"href":"https:\/\/profitstore.pl\/index.php\/wp-json\/wp\/v2\/pages\/16287"}],"collection":[{"href":"https:\/\/profitstore.pl\/index.php\/wp-json\/wp\/v2\/pages"}],"about":[{"href":"https:\/\/profitstore.pl\/index.php\/wp-json\/wp\/v2\/types\/page"}],"author":[{"embeddable":true,"href":"https:\/\/profitstore.pl\/index.php\/wp-json\/wp\/v2\/users\/5"}],"replies":[{"embeddable":true,"href":"https:\/\/profitstore.pl\/index.php\/wp-json\/wp\/v2\/comments?post=16287"}],"version-history":[{"count":10,"href":"https:\/\/profitstore.pl\/index.php\/wp-json\/wp\/v2\/pages\/16287\/revisions"}],"predecessor-version":[{"id":16299,"href":"https:\/\/profitstore.pl\/index.php\/wp-json\/wp\/v2\/pages\/16287\/revisions\/16299"}],"wp:attachment":[{"href":"https:\/\/profitstore.pl\/index.php\/wp-json\/wp\/v2\/media?parent=16287"}],"curies":[{"name":"wp","href":"https:\/\/api.w.org\/{rel}","templated":true}]}}